{"id":2,"date":"2024-09-11T17:31:48","date_gmt":"2024-09-11T14:31:48","guid":{"rendered":"https:\/\/spectrumhouse.com.tr\/ku\/?page_id=2"},"modified":"2024-09-12T08:46:12","modified_gmt":"2024-09-12T05:46:12","slug":"peywendi","status":"publish","type":"page","link":"https:\/\/spectrumhouse.com.tr\/ku\/peywendi\/","title":{"rendered":"Peywend\u00ee"},"content":{"rendered":"\t\t<div data-elementor-type=\"wp-page\" data-elementor-id=\"2\" class=\"elementor elementor-2\">\n\t\t\t\t<div class=\"elementor-element elementor-element-228304e e-flex e-con-boxed e-con e-parent\" data-id=\"228304e\" data-element_type=\"container\">\n\t\t\t\t\t<div class=\"e-con-inner\">\n\t\t\t\t<div class=\"elementor-element elementor-element-3d6f5b5 elementor-widget elementor-widget-ronse_contact\" data-id=\"3d6f5b5\" data-element_type=\"widget\" data-widget_type=\"ronse_contact.default\">\n\t\t\t\t<div class=\"elementor-widget-container\">\n\t\t\t\t\t                <div class=\"row\">\n                            <div class=\"iletisim-bilgisi mb-3 col-md-6 col-lg-6 col-12\">\n                    <div class=\"iletisim-ikon\">\n                        <i class=\"fa fa-map-pin\"><\/i>\n                    <\/div>\n                    <div class=\"iletisim-bilgileri-alani\">\n                        <h6 class=\"iletisim-baslik mb-1\">Adres<\/h6>\n                        <span class=\"iletisim-deger\"> <a href=\"#\">Ko\u015fuyolu, Salih Omurtak Sk. No:36, 34718 Kad\u0131k\u00f6y\/\u0130stanbul<\/a><\/span>\n                    <\/div>\n                <\/div>\n                            <div class=\"iletisim-bilgisi mb-3 col-md-6 col-lg-6 col-12\">\n                    <div class=\"iletisim-ikon\">\n                        <i class=\"fa fa-volume-control-phone\"><\/i>\n                    <\/div>\n                    <div class=\"iletisim-bilgileri-alani\">\n                        <h6 class=\"iletisim-baslik mb-1\">Telefon<\/h6>\n                        <span class=\"iletisim-deger\"> <a href=\"#\">+90541 525 85 75<\/a><\/span>\n                    <\/div>\n                <\/div>\n                            <div class=\"iletisim-bilgisi mb-3 col-md-6 col-lg-6 col-12\">\n                    <div class=\"iletisim-ikon\">\n                        <i class=\"fa fa-volume-control-phone\"><\/i>\n                    <\/div>\n                    <div class=\"iletisim-bilgileri-alani\">\n                        <h6 class=\"iletisim-baslik mb-1\">Telefon<\/h6>\n                        <span class=\"iletisim-deger\"> <a href=\"#\">+90554 693 66 89<\/a><\/span>\n                    <\/div>\n                <\/div>\n                            <div class=\"iletisim-bilgisi mb-3 col-md-6 col-lg-6 col-12\">\n                    <div class=\"iletisim-ikon\">\n                        <i class=\"fa fa-envelope-o\"><\/i>\n                    <\/div>\n                    <div class=\"iletisim-bilgileri-alani\">\n                        <h6 class=\"iletisim-baslik mb-1\">E-Mail<\/h6>\n                        <span class=\"iletisim-deger\"> <a href=\"#\">spectrumhousetr@gmail.com<\/a><\/span>\n                    <\/div>\n                <\/div>\n                            <div class=\"iletisim-bilgisi mb-3 col-md-6 col-lg-6 col-12\">\n                    <div class=\"iletisim-ikon\">\n                        <i class=\"fa fa-envelope-o\"><\/i>\n                    <\/div>\n                    <div class=\"iletisim-bilgileri-alani\">\n                        <h6 class=\"iletisim-baslik mb-1\">E-Mail<\/h6>\n                        <span class=\"iletisim-deger\"> <a href=\"#\">info@spectrumhouse.com.tr<\/a><\/span>\n                    <\/div>\n                <\/div>\n                    <\/div>\n        \t\t\t\t<\/div>\n\t\t\t\t<\/div>\n\t\t\t\t\t<\/div>\n\t\t\t\t<\/div>\n\t\t<div class=\"elementor-element elementor-element-4b09617 e-flex e-con-boxed e-con e-parent\" data-id=\"4b09617\" data-element_type=\"container\">\n\t\t\t\t\t<div class=\"e-con-inner\">\n\t\t\t\t<div class=\"elementor-element elementor-element-022baa1 elementor-widget elementor-widget-html\" data-id=\"022baa1\" data-element_type=\"widget\" data-widget_type=\"html.default\">\n\t\t\t\t<div class=\"elementor-widget-container\">\n\t\t\t\t\t<iframe src=\"https:\/\/www.google.com\/maps\/embed?pb=!1m18!1m12!1m3!1d3176572.7456167787!2d32.187239942034246!3d38.966886233514565!2m3!1f0!2f0!3f0!3m2!1i1024!2i768!4f13.1!3m3!1m2!1s0x14cab9a35386816b%3A0xe2dc869a8c060d76!2sSpectrum%20House!5e0!3m2!1str!2str!4v1726119887908!5m2!1str!2str\" width=\"600\" height=\"450\" style=\"border:0;\" allowfullscreen=\"\" loading=\"lazy\" referrerpolicy=\"no-referrer-when-downgrade\"><\/iframe>\t\t\t\t<\/div>\n\t\t\t\t<\/div>\n\t\t\t\t\t<\/div>\n\t\t\t\t<\/div>\n\t\t\t\t<\/div>\n\t\t","protected":false},"excerpt":{"rendered":"<p>Adres Ko\u015fuyolu, Salih Omurtak Sk. No:36, 34718 Kad\u0131k\u00f6y\/\u0130stanbul Telefon +90541 525 85 75 Telefon +90554 693 66 89 E-Mail spectrumhousetr@gmail.com E-Mail info@spectrumhouse.com.tr<\/p>\n","protected":false},"author":1,"featured_media":0,"parent":0,"menu_order":0,"comment_status":"closed","ping_status":"closed","template":"","meta":{"footnotes":""},"class_list":["post-2","page","type-page","status-publish","hentry"],"_links":{"self":[{"href":"https:\/\/spectrumhouse.com.tr\/ku\/wp-json\/wp\/v2\/pages\/2","targetHints":{"allow":["GET"]}}],"collection":[{"href":"https:\/\/spectrumhouse.com.tr\/ku\/wp-json\/wp\/v2\/pages"}],"about":[{"href":"https:\/\/spectrumhouse.com.tr\/ku\/wp-json\/wp\/v2\/types\/page"}],"author":[{"embeddable":true,"href":"https:\/\/spectrumhouse.com.tr\/ku\/wp-json\/wp\/v2\/users\/1"}],"replies":[{"embeddable":true,"href":"https:\/\/spectrumhouse.com.tr\/ku\/wp-json\/wp\/v2\/comments?post=2"}],"version-history":[{"count":15,"href":"https:\/\/spectrumhouse.com.tr\/ku\/wp-json\/wp\/v2\/pages\/2\/revisions"}],"predecessor-version":[{"id":3545,"href":"https:\/\/spectrumhouse.com.tr\/ku\/wp-json\/wp\/v2\/pages\/2\/revisions\/3545"}],"wp:attachment":[{"href":"https:\/\/spectrumhouse.com.tr\/ku\/wp-json\/wp\/v2\/media?parent=2"}],"curies":[{"name":"wp","href":"https:\/\/api.w.org\/{rel}","templated":true}]}}