{"id":15,"date":"2024-09-11T20:17:59","date_gmt":"2024-09-11T17:17:59","guid":{"rendered":"https:\/\/spectrumhouse.com.tr\/ku\/?page_id=15"},"modified":"2024-09-11T21:33:46","modified_gmt":"2024-09-11T18:33:46","slug":"destpek","status":"publish","type":"page","link":"https:\/\/spectrumhouse.com.tr\/ku\/","title":{"rendered":"Destp\u00eak"},"content":{"rendered":"\t\t<div data-elementor-type=\"wp-page\" data-elementor-id=\"15\" class=\"elementor elementor-15\">\n\t\t\t\t<div class=\"elementor-element elementor-element-a51bda1 e-flex e-con-boxed e-con e-parent\" data-id=\"a51bda1\" data-element_type=\"container\">\n\t\t\t\t\t<div class=\"e-con-inner\">\n\t\t<div class=\"elementor-element elementor-element-6e21837 e-con-full e-flex e-con e-child\" data-id=\"6e21837\" data-element_type=\"container\">\n\t\t\t\t<div class=\"elementor-element elementor-element-3677490 elementor-widget elementor-widget-ronse_slider_fotolu\" data-id=\"3677490\" data-element_type=\"widget\" data-widget_type=\"ronse_slider_fotolu.default\">\n\t\t\t\t<div class=\"elementor-widget-container\">\n\t\t\t\t\t        <div class=\"haber-video-player\">\n            <div class=\"swiper one-cikan-video\">\n                <div class=\"swiper-wrapper\">\n                                            <div class=\"swiper-slide\">\n                            <img decoding=\"async\" class=\"slider-gorseli\" src=\"https:\/\/spectrumhouse.com.tr\/ku\/wp-content\/uploads\/2022\/09\/KU\u0308RT_Z_KUS\u0327AG\u0306I_-_GOCMENLER-Cover.png\" alt=\"Helwest \u00fb T\u00eagihana Nif\u015fa Z Ya Kurd a Derbar\u00ea Ko\u00e7ber \u00fb Penaberan\">\n                                                                                    <div class=\"haber-detay\">\n                                                                <a href=\"https:\/\/spectrumhouse.com.tr\/ku\/helwest-u-tegihana-nifsa-z-ya-kurd-a-derbare-kocber-u-penaberan\/\"><h3 title=\"Helwest \u00fb T\u00eagihana Nif\u015fa Z Ya Kurd a Derbar\u00ea Ko\u00e7ber \u00fb Penaberan\"\n                                                                      class=\"haber-baslik\">Helwest \u00fb T\u00eagihana Nif\u015fa Z Ya Kurd a Derbar\u00ea Ko\u00e7ber \u00fb Penaberan<\/h3><\/a>\n                            <\/div>\n                        <\/div>\n                                            <div class=\"swiper-slide\">\n                            <img decoding=\"async\" class=\"slider-gorseli\" src=\"https:\/\/spectrumhouse.com.tr\/ku\/wp-content\/uploads\/2024\/08\/spectrum-default.png\" alt=\"Niv\u00eesandina \u00e7\u00eerokeke ku dawiya w\u00ea nay\u00ea: P\u00ea\u015fniyaz\u00ean pol\u00eet\u00eekay\u00ea ji bo penahendey\u00ean S\u00fbriyey\u00ee \u00fb civaka her\u00eam\u00ee\">\n                                                                                    <div class=\"haber-detay\">\n                                                                <a href=\"https:\/\/spectrumhouse.com.tr\/ku\/nivisandina-cirokeke-ku-dawiya-we-naye-pesniyazen-politikaye-ji-bo-penahendeyen-suriyeyi-u-civaka-heremi\/\"><h3 title=\"Niv\u00eesandina \u00e7\u00eerokeke ku dawiya w\u00ea nay\u00ea: P\u00ea\u015fniyaz\u00ean pol\u00eet\u00eekay\u00ea ji bo penahendey\u00ean S\u00fbriyey\u00ee \u00fb civaka her\u00eam\u00ee\"\n                                                                      class=\"haber-baslik\">Niv\u00eesandina \u00e7\u00eerokeke ku dawiya w\u00ea nay\u00ea: P\u00ea\u015fniyaz\u00ean pol\u00eet\u00eekay\u00ea ji bo penahendey\u00ean S\u00fbriyey\u00ee \u00fb civaka her\u00eam\u00ee<\/h3><\/a>\n                            <\/div>\n                        <\/div>\n                                            <div class=\"swiper-slide\">\n                            <img decoding=\"async\" class=\"slider-gorseli\" src=\"https:\/\/spectrumhouse.com.tr\/ku\/wp-content\/uploads\/2024\/08\/spectrum-default.png\" alt=\"Nif\u015fa Z ya Kurd\">\n                                                                                    <div class=\"haber-detay\">\n                                                                <a href=\"https:\/\/spectrumhouse.com.tr\/ku\/nifsa-z-ya-kurd\/\"><h3 title=\"Nif\u015fa Z ya Kurd\"\n                                                                      class=\"haber-baslik\">Nif\u015fa Z ya Kurd<\/h3><\/a>\n                            <\/div>\n                        <\/div>\n                                    <\/div>\n                <div class=\"swiper-button-next\"><\/div>\n                <div class=\"swiper-button-prev\"><\/div>\n            <\/div>\n            <div thumbsSlider=\"\" class=\"swiper kucuk-videolar\">\n                <div class=\"swiper-wrapper\">\n                                            <div class=\"swiper-slide\">\n                            <picture>\n                                <img decoding=\"async\" src=\"https:\/\/spectrumhouse.com.tr\/ku\/wp-content\/uploads\/2022\/09\/KU\u0308RT_Z_KUS\u0327AG\u0306I_-_GOCMENLER-Cover.png\"\/>\n                            <\/picture>\n                        <\/div>\n                                            <div class=\"swiper-slide\">\n                            <picture>\n                                <img decoding=\"async\" src=\"https:\/\/spectrumhouse.com.tr\/ku\/wp-content\/uploads\/2024\/08\/spectrum-default.png\"\/>\n                            <\/picture>\n                        <\/div>\n                                            <div class=\"swiper-slide\">\n                            <picture>\n                                <img decoding=\"async\" src=\"https:\/\/spectrumhouse.com.tr\/ku\/wp-content\/uploads\/2024\/08\/spectrum-default.png\"\/>\n                            <\/picture>\n                        <\/div>\n                                    <\/div>\n            <\/div>\n        <\/div>\n        \t\t\t\t<\/div>\n\t\t\t\t<\/div>\n\t\t\t\t<\/div>\n\t\t<div class=\"elementor-element elementor-element-72836d1 e-con-full e-flex e-con e-child\" data-id=\"72836d1\" data-element_type=\"container\">\n\t\t\t\t<div class=\"elementor-element elementor-element-bdd6711 elementor-widget elementor-widget-ronse_lastest_news\" data-id=\"bdd6711\" data-element_type=\"widget\" data-widget_type=\"ronse_lastest_news.default\">\n\t\t\t\t<div class=\"elementor-widget-container\">\n\t\t\t\t\t                <div class=\"haber-listesi\">\n            <div class=\"haberler\">\n                <h2 class=\"baslik\">Trending Anal\u00eez<\/h2>\n                <p>\n                                            <a target=\"_blank\" title=\"Helwest \u00fb T\u00eagihana Nif\u015fa Z Ya Kurd a Derbar\u00ea Ko\u00e7ber \u00fb Penaberan\" href=\"https:\/\/spectrumhouse.com.tr\/ku\/helwest-u-tegihana-nifsa-z-ya-kurd-a-derbare-kocber-u-penaberan\/\">\n                            Helwest \u00fb T\u00eagihana Nif\u015fa Z Ya Kurd a Derbar\u00ea Ko\u00e7ber \u00fb Penaberan<span><span\n                                        class=\"me-2 fst-italic fw-light\">11\/09\/2024<\/span>20:30<\/span>\n                        <\/a>\n                                            <a target=\"_blank\" title=\"Niv\u00eesandina \u00e7\u00eerokeke ku dawiya w\u00ea nay\u00ea: P\u00ea\u015fniyaz\u00ean pol\u00eet\u00eekay\u00ea ji bo penahendey\u00ean S\u00fbriyey\u00ee \u00fb civaka her\u00eam\u00ee\" href=\"https:\/\/spectrumhouse.com.tr\/ku\/nivisandina-cirokeke-ku-dawiya-we-naye-pesniyazen-politikaye-ji-bo-penahendeyen-suriyeyi-u-civaka-heremi\/\">\n                            Niv\u00eesandina \u00e7\u00eerokeke ku dawiya w\u00ea nay\u00ea: P\u00ea\u015fniyaz\u00ean pol\u00eet\u00eekay\u00ea ji bo penahendey\u00ean S\u00fbriyey\u00ee \u00fb civaka her\u00eam\u00ee<span><span\n                                        class=\"me-2 fst-italic fw-light\">11\/09\/2024<\/span>20:30<\/span>\n                        <\/a>\n                                            <a target=\"_blank\" title=\"Nif\u015fa Z ya Kurd\" href=\"https:\/\/spectrumhouse.com.tr\/ku\/nifsa-z-ya-kurd\/\">\n                            Nif\u015fa Z ya Kurd<span><span\n                                        class=\"me-2 fst-italic fw-light\">11\/09\/2024<\/span>20:30<\/span>\n                        <\/a>\n                                    <\/p>\n            <\/div>\n        <\/div>\n    \n        \t\t\t\t<\/div>\n\t\t\t\t<\/div>\n\t\t\t\t<\/div>\n\t\t\t\t\t<\/div>\n\t\t\t\t<\/div>\n\t\t<div class=\"elementor-element elementor-element-309fabd e-flex e-con-boxed e-con e-parent\" data-id=\"309fabd\" data-element_type=\"container\">\n\t\t\t\t\t<div class=\"e-con-inner\">\n\t\t\t\t\t<\/div>\n\t\t\t\t<\/div>\n\t\t\t\t<\/div>\n\t\t","protected":false},"excerpt":{"rendered":"<p>Nif\u015fa Z ya Kurd Niv\u00eesandina \u00e7\u00eerokeke ku dawiya w\u00ea nay\u00ea: P\u00ea\u015fniyaz\u00ean pol\u00eet\u00eekay\u00ea ji bo penahendey\u00ean S\u00fbriyey\u00ee \u00fb civaka her\u00eam\u00ee Helwest \u00fb T\u00eagihana Nif\u015fa Z Ya Kurd a Derbar\u00ea Ko\u00e7ber \u00fb Penaberan Trending Anal\u00eez Nif\u015fa Z ya Kurd11 Eyl\u00fcl 202420:30 Niv\u00eesandina \u00e7\u00eerokeke ku dawiya w\u00ea nay\u00ea: P\u00ea\u015fniyaz\u00ean pol\u00eet\u00eekay\u00ea ji bo penahendey\u00ean S\u00fbriyey\u00ee \u00fb civaka her\u00eam\u00ee11 Eyl\u00fcl [&hellip;]<\/p>\n","protected":false},"author":1,"featured_media":3520,"parent":0,"menu_order":0,"comment_status":"closed","ping_status":"closed","template":"elementor_header_footer","meta":{"footnotes":""},"class_list":["post-15","page","type-page","status-publish","has-post-thumbnail","hentry"],"_links":{"self":[{"href":"https:\/\/spectrumhouse.com.tr\/ku\/wp-json\/wp\/v2\/pages\/15","targetHints":{"allow":["GET"]}}],"collection":[{"href":"https:\/\/spectrumhouse.com.tr\/ku\/wp-json\/wp\/v2\/pages"}],"about":[{"href":"https:\/\/spectrumhouse.com.tr\/ku\/wp-json\/wp\/v2\/types\/page"}],"author":[{"embeddable":true,"href":"https:\/\/spectrumhouse.com.tr\/ku\/wp-json\/wp\/v2\/users\/1"}],"replies":[{"embeddable":true,"href":"https:\/\/spectrumhouse.com.tr\/ku\/wp-json\/wp\/v2\/comments?post=15"}],"version-history":[{"count":10,"href":"https:\/\/spectrumhouse.com.tr\/ku\/wp-json\/wp\/v2\/pages\/15\/revisions"}],"predecessor-version":[{"id":3530,"href":"https:\/\/spectrumhouse.com.tr\/ku\/wp-json\/wp\/v2\/pages\/15\/revisions\/3530"}],"wp:featuredmedia":[{"embeddable":true,"href":"https:\/\/spectrumhouse.com.tr\/ku\/wp-json\/wp\/v2\/media\/3520"}],"wp:attachment":[{"href":"https:\/\/spectrumhouse.com.tr\/ku\/wp-json\/wp\/v2\/media?parent=15"}],"curies":[{"name":"wp","href":"https:\/\/api.w.org\/{rel}","templated":true}]}}