{"id":3338,"date":"2017-10-11T05:32:48","date_gmt":"2017-10-11T05:32:48","guid":{"rendered":"http:\/\/apressthemes.com\/demo35\/?page_id=1406"},"modified":"2017-10-11T05:32:48","modified_gmt":"2017-10-11T05:32:48","slug":"kisisel-verilerin-korunmasina-iliskin-politikamiz-ve-aydinlatma-metnimiz-2","status":"publish","type":"page","link":"https:\/\/spectrumhouse.com.tr\/en\/kisisel-verilerin-korunmasina-iliskin-politikamiz-ve-aydinlatma-metnimiz-2\/","title":{"rendered":"KVKK Ayd\u0131nlatma"},"content":{"rendered":"<p><strong>1. VER\u0130 SORUMLUSU<\/strong><\/p>\n<p>Ki\u015fisel verileriniz veri sorumlusu s\u0131fat\u0131yla\u00a0 (\u201cSPECTRUM HOUSE\u201d) taraf\u0131ndan, 6698 say\u0131l\u0131 Ki\u015fisel Verilerin Korunmas\u0131 Kanunu (\u201cKanun\u201d) uyar\u0131nca a\u015fa\u011f\u0131da a\u00e7\u0131klanan kapsamda i\u015flenebilecektir.<\/p>\n<p>&nbsp;<\/p>\n<p><strong>2. K\u0130\u015e\u0130SEL VER\u0130LER\u0130N\u0130Z\u0130N \u0130\u015eLENME AMACI<\/strong><\/p>\n<p>Toplanan ki\u015fisel verileriniz, Kanun\u2019da \u00f6ng\u00f6r\u00fclen temel ilkelere uygun olarak ve Kanun\u2019un 5. ve 6. maddelerinde belirtilen ki\u015fisel veri i\u015fleme \u015fartlar\u0131 ve ama\u00e7lar\u0131 d\u00e2hilinde, SPECTRUM HOUSE taraf\u0131ndan a\u015fa\u011f\u0131da yer alan ama\u00e7lar kapsam\u0131nda i\u015flenebilecektir:<\/p>\n<ol>\n<li>Veri Sahiplerinin trafik bilgilerinin (IP adresi, verilen hizmetin ba\u015flama ve biti\u015f tarihi, yararlan\u0131lan hizmetin t\u00fcr\u00fc, aktar\u0131lan veri miktar\u0131 ve abone kimlik bilgileri) ilgili mevzuat uyar\u0131nca i\u015flenmesi,<\/li>\n<li>\u00dcyelik i\u015flemlerinin ger\u00e7ekle\u015ftirilmesi,<\/li>\n<li>Sunulan hizmetlerin\/i\u00e7eriklerin iyile\u015ftirilmesi, yeni hizmetlerin\/i\u00e7eriklerin geli\u015ftirilmesi ve ticari elektronik ileti onay\u0131 mevcut olan veri sahiplerine bununla ilgili bilgilendirme yap\u0131lmas\u0131,<\/li>\n<li>Ticari elektronik ileti onay\u0131 mevcut olan veri sahipleri a\u00e7\u0131s\u0131ndan, veri sahibinin tercih ve be\u011fenilerinin analiz edilmesi ve veri sahibine \u00f6zel hizmet\/i\u00e7erik \u00f6nerilmesi,<\/li>\n<li>Veri sahibi i\u00e7in, \u00e7erez politikas\u0131nda yer alan bilgiler do\u011frultusunda, do\u011frudan pazarlama, dijital pazarlama, yeniden pazarlama, hedefleme, profilleme ve analiz yap\u0131larak veri sahibinin tercih ve be\u011fenisi do\u011frultusunda uygulama, \u00fcr\u00fcn ve hizmetlerin tan\u0131t\u0131m\u0131n\u0131n ve pazarlamas\u0131n\u0131n yap\u0131lmas\u0131,<\/li>\n<li>Tan\u0131t\u0131m ve pazarlama faaliyetlerinin y\u00fcr\u00fct\u00fclmesi ile anket ve oylamalar ile veri sahiplerinin g\u00f6r\u00fc\u015f\u00fcn\u00fcn al\u0131nmas\u0131 ve m\u00fc\u015fteri memnuniyetinin sa\u011flanmas\u0131,<\/li>\n<li>Veri sahibi sorun ve \u015fik\u00e2yetlerinin \u00e7\u00f6z\u00fcmlenmesi,<\/li>\n<li>Firma faaliyetlerinin eksiksiz olarak s\u00fcrd\u00fcr\u00fclmesi ve yasal y\u00fck\u00fcml\u00fcl\u00fckleri kapsam\u0131nda \u015eirket\u2019in sorumlu oldu\u011fu faaliyetlerin ger\u00e7ekle\u015ftirilmesi,<\/li>\n<li>Veri sahibinin mevzuattaki veya \u015eirket b\u00fcnyesince kabul g\u00f6ren kural ve politikalardaki de\u011fi\u015fiklikler hususunda ayd\u0131nlat\u0131lmas\u0131,<\/li>\n<li>\u015eirket\u2019e ait veya \u015eirket taraf\u0131ndan kullan\u0131lan elektronik sistemlerin ve fiziki ortamlar\u0131n g\u00fcvenli\u011finin sa\u011flanmas\u0131 ve ilgili de\u011ferlendirmelerin yap\u0131lmas\u0131 suretiyle gerekli \u00f6nlemlerin al\u0131nmas\u0131,<\/li>\n<li>\u015eirket taraf\u0131ndan sunulan \u00fcr\u00fcn ve hizmetlerden m\u00fc\u015fterileri faydaland\u0131rmak i\u00e7in i\u015f birimleri taraf\u0131ndan gerekli \u00e7al\u0131\u015fmalar\u0131n yap\u0131lmas\u0131,<\/li>\n<li>Hukuki s\u00fcre\u00e7lerin y\u00fcr\u00fct\u00fclmesi ve mevzuata uyumun sa\u011flanmas\u0131,<\/li>\n<li>\u0130dari ve adli makamlardan gelen bilgi taleplerinin cevapland\u0131r\u0131lmas\u0131,<\/li>\n<li>\u015eirket i\u00e7i raporlama ve i\u015f geli\u015ftirme faaliyetlerinin planlanmas\u0131,<\/li>\n<li>Bilgi ve i\u015flem g\u00fcvenli\u011fi sa\u011flanmas\u0131 ve k\u00f6t\u00fc ama\u00e7l\u0131 kullan\u0131m\u0131n \u00f6nlenmesi,<\/li>\n<\/ol>\n<p><strong>3. \u0130\u015eLENECEK K\u0130\u015e\u0130SEL VER\u0130LER\u0130N\u0130Z<\/strong><\/p>\n<p>Taraf\u0131n\u0131zla kurulacak hukuki ili\u015fkiye veya yap\u0131lacak i\u015fleme g\u00f6re a\u015fa\u011f\u0131daki verileriniz i\u015flenecektir:<\/p>\n<ol>\n<li>\u015eirketimize iletmi\u015f oldu\u011funuz ve\/veya internet sitenizde veya di\u011fer kanallarda ilan etti\u011finiz ileti\u015fim bilgileriniz,<\/li>\n<li>\u0130sim ve soy isminiz, posta adresiniz, do\u011fum tarihiniz, cinsiyetiniz, telefon ve faks numaran\u0131z, elektronik posta adresiniz ve taraf\u0131m\u0131zla payla\u015ft\u0131\u011f\u0131n\u0131z di\u011fer bilgileriniz,<\/li>\n<li>\u0130lgilendi\u011finiz hizmetler, teklif almak istedi\u011finiz hizmetler,<\/li>\n<li>\u0130nternet sitemize ula\u015fmak i\u00e7in kulland\u0131\u011f\u0131n\u0131z taray\u0131c\u0131, \u00fczerinden geldi\u011finiz internet sitesi veya uygulama ve\u00a0<a href=\"http:\/\/\u00e7erez politikam\u0131zda\">\u00e7erez politikam\u0131zda<\/a> yer alan di\u011fer bilgiler<\/li>\n<li>5651 say\u0131l\u0131 yasa gere\u011fi tutulmas\u0131 zorunlu olan IP, kullan\u0131lan protokol ve ileti\u015fim kay\u0131tlar\u0131<\/li>\n<li>Ziyaret etti\u011finiz alt sayfalar, buralarda harcanan s\u00fcre gibi kullan\u0131m istatistikleri<\/li>\n<\/ol>\n<p><strong>4. K\u0130\u015e\u0130SEL VER\u0130LER\u0130N\u0130Z\u0130N AKTARILDI\u011eI TARAFLAR<\/strong><\/p>\n<p>Toplanan ki\u015fisel verileriniz, Kanun\u2019da \u00f6ng\u00f6r\u00fclen temel ilkelere uygun olarak ve Kanun\u2019un 8. ve 9. maddelerinde belirtilen ki\u015fisel veri i\u015fleme \u015fartlar\u0131 d\u00e2hilinde, yukar\u0131da belirtilen ama\u00e7larla a\u015fa\u011f\u0131daki taraflara aktar\u0131labilir:<\/p>\n<ol>\n<li>\u00dcr\u00fcn ve hizmetlerimizin sunulabilmesi amac\u0131yla s\u0131n\u0131rl\u0131 olmak \u00fczere i\u015f ortaklar\u0131m\u0131za ve tedarik\u00e7ilerimize,<\/li>\n<li>Ticari, mali ve hukuki dan\u0131\u015fmanl\u0131klar ve denetimler amac\u0131yla dan\u0131\u015fmanlara ve denetim firmalar\u0131na,<\/li>\n<li>Kampanya, tan\u0131t\u0131m ve duyurular\u0131m\u0131z\u0131n yap\u0131labilmesi i\u00e7in bu s\u00fcre\u00e7lerin i\u00e7inde olan ta\u015feron ve hizmet al\u0131nan 3.taraflara,<\/li>\n<li>M\u00fc\u015fteri \u015fik\u00e2yetlerinin \u00e7\u00f6z\u00fcmlenmesi amac\u0131yla al\u0131nan \u00c7a\u011fr\u0131 Merkezi ve\/veya \u015eik\u00e2yet takibi hizmeti \u015firketlerine,<\/li>\n<li>Yaln\u0131zca Kanunlarda \u015fart ko\u015fuldu\u011fu ve kapsam\u0131yla s\u0131n\u0131rl\u0131 olmak \u00fczere yetkili kamu kurum ve kurulu\u015flar\u0131yla yarg\u0131 mercilerine,<\/li>\n<li>Sitemizle ba\u011flant\u0131l\u0131 sosyal medya hesaplar\u0131 ile yapt\u0131\u011f\u0131n\u0131z ileti\u015fim i\u00e7in yer sa\u011flay\u0131c\u0131 veya sistem sa\u011flay\u0131c\u0131 olan sosyal medya platformu sahibi \u015firketlerle,<\/li>\n<li>Veri aktar\u0131m\u0131 i\u00e7in r\u0131zan\u0131z\u0131 ald\u0131\u011f\u0131m\u0131z di\u011fer al\u0131c\u0131lara, a\u00e7\u0131k r\u0131zan\u0131z ya da Kanun ile belirlenmi\u015f ko\u015fullar \u00e7er\u00e7evesinde aktar\u0131labilecektir.<\/li>\n<\/ol>\n<p><strong>5. K\u0130\u015e\u0130SEL VER\u0130LER\u0130N\u0130Z\u0130N TOPLANMA Y\u00d6NTEM\u0130 VE HUKUK\u0130 SEBEB\u0130<\/strong><\/p>\n<p>Ki\u015fisel verileriniz, SPECTRUM HOUSE taraf\u0131ndan \u00e7e\u015fitli kanallar ve farkl\u0131 hukuki sebeplere dayan\u0131larak toplanmaktad\u0131r. Bu s\u00fcre\u00e7 kapsam\u0131nda, ki\u015fisel verileriniz; internet ortam\u0131nda internet sitemiz ve mobil ortamda uygulamalar\u0131m\u0131z kanallar\u0131yla, yukar\u0131da say\u0131lan ama\u00e7lara dayan\u0131larak i\u015flenmektedir. Toplanan ki\u015fisel verileriniz, Kanun\u2019un 5. ve 6. maddelerinde belirtilen ki\u015fisel veri i\u015fleme \u015fartlar\u0131 ve ama\u00e7lar\u0131 kapsam\u0131nda i\u015fbu Ayd\u0131nlatma Metninde belirtilen ama\u00e7larla i\u015flenebilmekte ve aktar\u0131labilmektedir.<\/p>\n<p><strong>6. K\u0130\u015e\u0130SEL VER\u0130 SAH\u0130B\u0130 OLARAK KANUN\u2019UN 11. MADDES\u0130NDE SAYILAN HAKLARINIZ<\/strong><\/p>\n<p>Ki\u015fisel veri sahibi olarak Kanun\u2019un 11. maddesi uyar\u0131nca a\u015fa\u011f\u0131daki haklara sahip oldu\u011funuzu bildiririz:<\/p>\n<ol>\n<li>Ki\u015fisel verilerinizin i\u015flenip i\u015flenmedi\u011fini \u00f6\u011frenme,<\/li>\n<li>Ki\u015fisel verileriniz i\u015flenmi\u015fse buna ili\u015fkin bilgi talep etme,<\/li>\n<li>Ki\u015fisel verilerinizin i\u015flenme amac\u0131n\u0131 ve bunlar\u0131n amac\u0131na uygun kullan\u0131l\u0131p kullan\u0131lmad\u0131\u011f\u0131n\u0131 \u00f6\u011frenme,<\/li>\n<li>Yurt i\u00e7inde veya yurt d\u0131\u015f\u0131nda ki\u015fisel verilerinizin aktar\u0131ld\u0131\u011f\u0131 \u00fc\u00e7\u00fcnc\u00fc ki\u015fileri bilme,<\/li>\n<li>Ki\u015fisel verilerinizin eksik veya yanl\u0131\u015f i\u015flenmi\u015f olmas\u0131 h\u00e2linde bunlar\u0131n d\u00fczeltilmesini isteme ve bu kapsamda yap\u0131lan i\u015flemin ki\u015fisel verilerinizin aktar\u0131ld\u0131\u011f\u0131 \u00fc\u00e7\u00fcnc\u00fc ki\u015filere bildirilmesini isteme,<\/li>\n<li>Kanun\u2019a ve ilgili di\u011fer kanun h\u00fck\u00fcmlerine uygun olarak i\u015flenmi\u015f olmas\u0131na ra\u011fmen, i\u015flenmesini gerektiren sebeplerin ortadan kalkmas\u0131 h\u00e2linde ki\u015fisel verilerin silinmesini veya yok edilmesini isteme ve bu kapsamda yap\u0131lan i\u015flemin ki\u015fisel verilerinizin aktar\u0131ld\u0131\u011f\u0131 \u00fc\u00e7\u00fcnc\u00fc ki\u015filere bildirilmesini isteme,<\/li>\n<li>\u0130\u015flenen verilerin m\u00fcnhas\u0131ran otomatik sistemler vas\u0131tas\u0131yla analiz edilmesi suretiyle aleyhinize bir sonucun ortaya \u00e7\u0131kmas\u0131 durumunda buna itiraz etme,<\/li>\n<li>Ki\u015fisel verilerinizin kanuna ayk\u0131r\u0131 olarak i\u015flenmesi sebebiyle zarara u\u011framan\u0131z h\u00e2linde zarar\u0131n giderilmesini talep etme.<\/li>\n<\/ol>\n<p>Yukar\u0131da belirtilen haklar\u0131n\u0131z\u0131 kullanmak i\u00e7in kimli\u011finizi tespit edici gerekli bilgiler ile kullanmay\u0131 talep etti\u011finiz hakk\u0131n\u0131za y\u00f6nelik a\u00e7\u0131klamalar\u0131n\u0131z\u0131 i\u00e7eren talebinizi;\u00a0www.spectrumhouse.com.tr\u00a0adresindeki formu doldurarak, \u201d Ko\u015fuyolu Mah. Salih Omurtak Sk. No.36, 34718 Kad\u0131k\u00f6y\/\u0130stanbul \u201d adresine bizzat getirebilir veya noter kanal\u0131 ile g\u00f6nderebilir veya formun imzal\u0131 bir suretini\u00a0info@spectrumhouse.com.tr\u00a0e-posta adresine g\u00fcvenli elektronik imzal\u0131 olarak kay\u0131tl\u0131 elektronik posta adresinizden iletebilirsiniz. G\u00f6nderilecek cevab\u0131n ki\u015fisel veri i\u00e7ermesi durumunda, verinin g\u00f6nderilece\u011fi ki\u015finin ger\u00e7ekten siz oldu\u011funuzu belirlemek i\u00e7in elden teslim, noter vas\u0131tas\u0131 d\u0131\u015f\u0131nda yap\u0131lan ba\u015fvurularda cevap haz\u0131r oldu\u011funda teslim edilmesi i\u00e7in sizden kimli\u011finizi ispatlaman\u0131z talep edilecektir. Talepleriniz, talebinizin niteli\u011fine g\u00f6re m\u00fcmk\u00fcn olan en k\u0131sa s\u00fcrede ve en ge\u00e7 30 g\u00fcn i\u00e7erisinde \u00fccretsiz olarak sonu\u00e7land\u0131r\u0131l\u0131r. Ancak i\u015flemin ayr\u0131ca bir maliyeti gerektirmesi halinde, Ki\u015fisel Verileri Koruma Kurulu taraf\u0131ndan belirlenen tarifedeki \u00fccret al\u0131nabilir. Talebiniz ba\u015fkas\u0131 ad\u0131na yap\u0131lacaksa bu konuda alm\u0131\u015f oldu\u011funuz bir vek\u00e2letnamenin ve kimli\u011finizi do\u011frular di\u011fer belgelerin ba\u015fvurunuza eklenmi\u015f olmas\u0131 gerekmektedir.<\/p>\n<p><u><a href=\"http:\/\/spectrumhouse.com.tr\/wp-content\/uploads\/2023\/06\/ACIK-RIZA-BEYANI-METNI.pdf\">A\u00e7\u0131k R\u0131za Beyan\u0131 Metni<\/a><br \/>\n<a href=\"http:\/\/spectrumhouse.com.tr\/wp-content\/uploads\/2023\/06\/KISISEL-VERI-SAKLAMA-VE-IMHA-POLITIKASI.pdf\">Ki\u015fisel Veri Saklama ve \u0130mha Politikas\u0131<\/a><br \/>\n<a href=\"http:\/\/spectrumhouse.com.tr\/wp-content\/uploads\/2023\/06\/kisisel-veri-sahibi-basvuru-formu.pdf\">Veri Sahibi Ba\u015fvuru Formu<\/a><\/u><\/p>\n","protected":false},"excerpt":{"rendered":"<p>1. VER\u0130 SORUMLUSU Ki\u015fisel verileriniz veri sorumlusu s\u0131fat\u0131yla\u00a0 (\u201cSPECTRUM HOUSE\u201d) taraf\u0131ndan, 6698 say\u0131l\u0131 Ki\u015fisel Verilerin Korunmas\u0131 Kanunu (\u201cKanun\u201d) uyar\u0131nca a\u015fa\u011f\u0131da a\u00e7\u0131klanan kapsamda i\u015flenebilecektir. &nbsp; 2. K\u0130\u015e\u0130SEL VER\u0130LER\u0130N\u0130Z\u0130N \u0130\u015eLENME AMACI Toplanan ki\u015fisel verileriniz, Kanun\u2019da \u00f6ng\u00f6r\u00fclen temel ilkelere uygun olarak ve Kanun\u2019un 5. ve 6. maddelerinde belirtilen ki\u015fisel veri i\u015fleme \u015fartlar\u0131 ve ama\u00e7lar\u0131 d\u00e2hilinde, SPECTRUM HOUSE taraf\u0131ndan [&hellip;]<\/p>\n","protected":false},"author":9,"featured_media":0,"parent":0,"menu_order":0,"comment_status":"closed","ping_status":"closed","template":"","meta":{"footnotes":""},"class_list":["post-3338","page","type-page","status-publish","hentry"],"_links":{"self":[{"href":"https:\/\/spectrumhouse.com.tr\/en\/wp-json\/wp\/v2\/pages\/3338","targetHints":{"allow":["GET"]}}],"collection":[{"href":"https:\/\/spectrumhouse.com.tr\/en\/wp-json\/wp\/v2\/pages"}],"about":[{"href":"https:\/\/spectrumhouse.com.tr\/en\/wp-json\/wp\/v2\/types\/page"}],"author":[{"embeddable":true,"href":"https:\/\/spectrumhouse.com.tr\/en\/wp-json\/wp\/v2\/users\/9"}],"replies":[{"embeddable":true,"href":"https:\/\/spectrumhouse.com.tr\/en\/wp-json\/wp\/v2\/comments?post=3338"}],"version-history":[{"count":0,"href":"https:\/\/spectrumhouse.com.tr\/en\/wp-json\/wp\/v2\/pages\/3338\/revisions"}],"wp:attachment":[{"href":"https:\/\/spectrumhouse.com.tr\/en\/wp-json\/wp\/v2\/media?parent=3338"}],"curies":[{"name":"wp","href":"https:\/\/api.w.org\/{rel}","templated":true}]}}