{"id":2914,"date":"2023-06-22T11:56:59","date_gmt":"2023-06-22T11:56:59","guid":{"rendered":"http:\/\/spectrumhouse.com.tr\/?page_id=2914"},"modified":"2023-06-22T11:56:59","modified_gmt":"2023-06-22T11:56:59","slug":"is-ilani-toplumsal-siyasal-arastirmalar-anketoru","status":"publish","type":"page","link":"https:\/\/spectrumhouse.com.tr\/en\/is-ilani-toplumsal-siyasal-arastirmalar-anketoru\/","title":{"rendered":"\u0130\u015f \u0130lan\u0131: Toplumsal\/Siyasal Ara\u015ft\u0131rmalar Anket\u00f6r\u00fc"},"content":{"rendered":"<p>[vc_row][vc_column][vc_column_text]<\/p>\n<p>Spectrum House Ara\u015ft\u0131rma ve D\u00fc\u015f\u00fcnce Merkezi olarak 10-24 Temmuz tarihleri aras\u0131nda ger\u00e7ekle\u015ftirece\u011fimiz saha ara\u015ft\u0131rmas\u0131 i\u00e7in birlikte \u00e7al\u0131\u015faca\u011f\u0131m\u0131z anket\u00f6rler ar\u0131yoruz.<\/p>\n\n<p>\u0130\u015fin tan\u0131m\u0131 a\u015fa\u011f\u0131da belirtilmi\u015ftir:<\/p>\n\n<p><strong>\u0130\u015f Tan\u0131m\u0131:<\/strong><\/p>\n\n\n\n<ul class=\"wp-block-list\">\n<li style=\"list-style-type: none\">\n<ul>\n<li>Belirlenen konumlarda halkla y\u00fcz y\u00fcze anketler yapmak,<\/li>\n\n\n\n<li>Anket formlar\u0131n\u0131 do\u011fru ve eksiksiz doldurmak,<\/li>\n\n\n\n<li>Kat\u0131l\u0131mc\u0131lardan verileri do\u011fru ve tarafs\u0131z bir \u015fekilde toplamak,<\/li>\n\n\n\n<li>Anket s\u00fcrecinde etik ve profesyonel standartlara uymak,<\/li>\n\n\n\n<li>Veri gizlili\u011fini ve g\u00fcvenli\u011fini esas almak,<\/li>\n\n\n\n<li>Anketlerin zaman\u0131nda ve d\u00fczg\u00fcn bir \u015fekilde tamamlanmas\u0131n\u0131 sa\u011flamak.<\/li>\n<\/ul>\n<\/li>\n<\/ul>\n\n<p><strong>Aranan \u00d6zellikler:<\/strong><\/p>\n\n\n\n<ul class=\"wp-block-list\">\n<li style=\"list-style-type: none\">\n<ul>\n<li>\u0130yi ileti\u015fim becerileri ve etkili dinleme yetene\u011fi,<\/li>\n\n\n\n<li>Empati yapabilme ve insanlarla etkile\u015fim kurma becerisi,<\/li>\n\n\n\n<li>Toplumsal ve siyasal konulara ilgi ve bilgi sahibi olma,<\/li>\n\n\n\n<li>Esnek \u00e7al\u0131\u015fma saatlerine uyum sa\u011flayabilme,<\/li>\n\n\n\n<li>Zaman y\u00f6netimi ve organizasyon becerileri,<\/li>\n\n\n\n<li>Ekip \u00e7al\u0131\u015fmas\u0131na uyum sa\u011flama yetene\u011fi<\/li>\n<\/ul>\n<\/li>\n<\/ul>\n\n<p><strong>Kurallar ve \u00d6nemli Notlar:<\/strong><\/p>\n\n\n\n<ul class=\"wp-block-list\">\n<li style=\"list-style-type: none\">\n<ul>\n<li>G\u00f6r\u00fc\u015fmeler belirlenen konumlarda yap\u0131lacak ve saha \u00e7al\u0131\u015fmas\u0131 gerektirecektir,<\/li>\n\n\n\n<li>Anket\u00f6rlerin d\u00fcr\u00fcstl\u00fck ve etik kurallara uymas\u0131 zorunludur,<\/li>\n\n\n\n<li>Kurallara uygun olmayan ve kontrollerden ge\u00e7emeyen anket\u00f6rlerin anketleri iptal edilecektir,<\/li>\n\n\n\n<li>\u00d6deme, tamamlanan ve onaylanan anketlere dayanarak yap\u0131lacakt\u0131r.<\/li>\n<\/ul>\n<\/li>\n<\/ul>\n\n<p><strong>\u00dccretlendirme:<\/strong><\/p>\n\n\n\n<ul class=\"wp-block-list\">\n<li style=\"list-style-type: none\">\n<ul>\n<li>Standart anketlerde g\u00fcnl\u00fck 20 anket kar\u015f\u0131l\u0131\u011f\u0131 400 TL \u00f6deme yap\u0131lmaktad\u0131r.<\/li>\n\n\n\n<li>Yap\u0131lan anketlerin \u00f6demeleri kontrollerin ard\u0131ndan 10 g\u00fcn i\u00e7inde yap\u0131lmaktad\u0131r.<\/li>\n<\/ul>\n<\/li>\n<\/ul>\n\n<p>\u00c7al\u0131\u015fmaya kat\u0131lacak anket\u00f6rler sahaya \u00e7\u0131kmadan \u00f6nce 45 dakikal\u0131k bir e\u011fitime tabi tutulacakt\u0131r. \u00c7al\u0131\u015fmaya kat\u0131labilmek i\u00e7in e\u011fitime kat\u0131lmak zorunludur.<\/p>\n\n<p>\u015eartlar\u0131 kabul ederek \u00e7al\u0131\u015fmam\u0131zda yer almak isteyen adaylar a\u015fa\u011f\u0131da formu doldurarak bizlere ba\u015fvurular\u0131n\u0131 iletebilirler.<\/p>\n<p>[\/vc_column_text][apress_button button_text=&#8221;BA\u015eVURU FORMU&#8221; button_shape=&#8221;rounded&#8221; button_link=&#8221;url:https%3A%2F%2Fforms.gle%2FfJAakms8Bv9XNyuj8|target:_blank&#8221;][\/vc_column][\/vc_row]<\/p>","protected":false},"excerpt":{"rendered":"<p>[vc_row][vc_column][vc_column_text] Spectrum House Ara\u015ft\u0131rma ve D\u00fc\u015f\u00fcnce Merkezi olarak 10-24 Temmuz tarihleri aras\u0131nda ger\u00e7ekle\u015ftirece\u011fimiz saha ara\u015ft\u0131rmas\u0131 i\u00e7in birlikte \u00e7al\u0131\u015faca\u011f\u0131m\u0131z anket\u00f6rler ar\u0131yoruz. \u0130\u015fin tan\u0131m\u0131 a\u015fa\u011f\u0131da belirtilmi\u015ftir: \u0130\u015f Tan\u0131m\u0131: Aranan \u00d6zellikler: Kurallar ve \u00d6nemli Notlar: \u00dccretlendirme: \u00c7al\u0131\u015fmaya kat\u0131lacak anket\u00f6rler sahaya \u00e7\u0131kmadan \u00f6nce 45 dakikal\u0131k bir e\u011fitime tabi tutulacakt\u0131r. \u00c7al\u0131\u015fmaya kat\u0131labilmek i\u00e7in e\u011fitime kat\u0131lmak zorunludur. \u015eartlar\u0131 kabul ederek \u00e7al\u0131\u015fmam\u0131zda [&hellip;]<\/p>\n","protected":false},"author":9,"featured_media":0,"parent":0,"menu_order":0,"comment_status":"closed","ping_status":"closed","template":"","meta":{"footnotes":""},"class_list":["post-2914","page","type-page","status-publish","hentry"],"_links":{"self":[{"href":"https:\/\/spectrumhouse.com.tr\/en\/wp-json\/wp\/v2\/pages\/2914","targetHints":{"allow":["GET"]}}],"collection":[{"href":"https:\/\/spectrumhouse.com.tr\/en\/wp-json\/wp\/v2\/pages"}],"about":[{"href":"https:\/\/spectrumhouse.com.tr\/en\/wp-json\/wp\/v2\/types\/page"}],"author":[{"embeddable":true,"href":"https:\/\/spectrumhouse.com.tr\/en\/wp-json\/wp\/v2\/users\/9"}],"replies":[{"embeddable":true,"href":"https:\/\/spectrumhouse.com.tr\/en\/wp-json\/wp\/v2\/comments?post=2914"}],"version-history":[{"count":0,"href":"https:\/\/spectrumhouse.com.tr\/en\/wp-json\/wp\/v2\/pages\/2914\/revisions"}],"wp:attachment":[{"href":"https:\/\/spectrumhouse.com.tr\/en\/wp-json\/wp\/v2\/media?parent=2914"}],"curies":[{"name":"wp","href":"https:\/\/api.w.org\/{rel}","templated":true}]}}