{"id":2907,"date":"2023-06-22T11:37:05","date_gmt":"2023-06-22T11:37:05","guid":{"rendered":"http:\/\/spectrumhouse.com.tr\/?page_id=2907"},"modified":"2023-06-22T11:37:05","modified_gmt":"2023-06-22T11:37:05","slug":"cerez-politikasi","status":"publish","type":"page","link":"https:\/\/spectrumhouse.com.tr\/en\/cerez-politikasi\/","title":{"rendered":"\u00c7erez Politikas\u0131"},"content":{"rendered":"\n<p>Bu \u00c7erez Politikas\u0131 (k\u0131saca\u00a0<strong>\u201cPolitika\u201d\u00a0<\/strong>olarak an\u0131lacakt\u0131r.); (k\u0131saca \u201c<strong>SPECTRUM<\/strong> <strong>HOUSE<\/strong>\u201d olarak an\u0131lacakt\u0131r.) taraf\u0131ndan y\u00fcr\u00fct\u00fclen internet siteleri ve mobil platformlar, \u00fc\u00e7\u00fcnc\u00fc parti programlar veya internet siteleri \u00fczerinden eri\u015filen, kullan\u0131lan platformlar i\u00e7in ge\u00e7erlidir. \u00dcyelik i\u015flemlerinizin tamamlanarak\u00a0<a href=\"http:\/\/www.spectrumhouse.com.tr\">www.spectrumhouse.com.tr<\/a>\u00a0sitesine \u00fcye olman\u0131z halinde ki\u015fisel verilerinizin i\u015flenmesine dair detayl\u0131 bilgilere\u00a0<a href=\"http:\/\/www.spectrumhouse.com.tr\">www.spectrumhouse.com.tr<\/a>\u00a0adresindeki <a href=\"http:\/\/spectrumhouse.com.tr\/kisisel-verilerin-korunmasina-iliskin-politikamiz-ve-aydinlatma-metnimiz\/\" title=\"Ki\u015fisel Verilerin Korunmas\u0131 ve \u0130\u015flenmesi Ayd\u0131nlatma Metni\">Ayd\u0131nlatma Metni<\/a>&#8216;nde ula\u015fabilirsiniz.<\/p>\n\n\n\n<p><strong>1-&nbsp;Ama\u00e7 unsuru:&nbsp;<\/strong>\u00c7erez bir internet sitesinin d\u00fczg\u00fcn bir \u015fekilde \u00e7al\u0131\u015fmas\u0131, kullan\u0131c\u0131\/ziyaret\u00e7i deneyiminin iyile\u015ftirilmesi, sitenin geli\u015ftirilmesi ve optimize edilmesi, daha uygun, ilgiye dayal\u0131 reklam sunma, ziyaret\u00e7iler i\u00e7in ilgi \u00e7ekici ve ki\u015fiselle\u015ftirilmi\u015f bir internet sitesi\/uygulama ve reklam portf\u00f6y\u00fc sunmak amac\u0131yla cihazlara (bilgisayar, telefon, tablet) yerle\u015ftirilen k\u00fc\u00e7\u00fck veri par\u00e7ac\u0131klar\u0131d\u0131r. \u00c7erezlerin kullan\u0131lmas\u0131n\u0131n temel ama\u00e7lar\u0131;<\/p>\n\n\n\n<ul class=\"wp-block-list\">\n<li>Web Sitesi&#8217;nin daha etkili kullan\u0131labilmesi i\u00e7in baz\u0131 teknik verilere ihtiya\u00e7 duyulmas\u0131,<\/li>\n\n\n\n<li>\u015eirket&#8217;in sizin Web Sitesi&#8217;ni tarama ve kullanma tercih ve al\u0131\u015fkanl\u0131klar\u0131n\u0131za ili\u015fkin bilgilerin toplanmas\u0131,<\/li>\n\n\n\n<li>\u015eirket&#8217;in, 5651 say\u0131l\u0131 Internet Ortam\u0131nda Yap\u0131lan Yay\u0131nlar\u0131n D\u00fczenlenmesi ve Bu Yay\u0131nlar Yoluyla \u0130\u015flenen Su\u00e7larla M\u00fccadele Edilmesi Hakk\u0131nda Kanun ve Internet Ortam\u0131nda Yap\u0131lan Yay\u0131nlar\u0131n D\u00fczenlenmesine Dair Usul ve Esaslar Hakk\u0131nda Y\u00f6netmelik&#8217;ten kaynaklananlar ba\u015fta olmak \u00fczere, kanuni ve s\u00f6zle\u015fmesel y\u00fck\u00fcml\u00fcl\u00fcklerini yerine getirebilmesi i\u00e7in IP adresiniz gibi ki\u015fisel verilerinize ihtiya\u00e7 duymas\u0131,<\/li>\n<\/ul>\n\n\n\n<p><strong>2-&nbsp;\u00c7erez T\u00fcrleri:<\/strong>&nbsp;\u00c7erezler farkl\u0131 s\u0131n\u0131fland\u0131rma t\u00fcrlerine g\u00f6re farkl\u0131 t\u00fcrlerde g\u00f6r\u00fcnebilirler. Oturum \u00e7erezleri olarak adland\u0131r\u0131lan \u00e7erezler internet sitesinden ayr\u0131lana dek cihazlar\u0131n\u0131zda tutulan ge\u00e7ici \u00e7erezleri ifade eder. Kal\u0131c\u0131 \u00e7erezler ise cihaz\u0131n\u0131z\u0131n sabit diskinde uzun s\u00fcreler kalan t\u00fcrde \u00e7erezlerdir.<\/p>\n\n\n\n<p>a)&nbsp;<strong>Kullan\u0131lmas\u0131 Zorunlu Olan \u00c7erezler:<\/strong>&nbsp;Bu \u00e7erezler, Web Sitesi&#8217;nin d\u00fczg\u00fcn \u015fekilde \u00e7al\u0131\u015fmas\u0131 i\u00e7in mutlaka gerekli olan \u00e7erezlerdir. Bu \u00e7erezlere, sistemin y\u00f6netilebilmesi, sahte i\u015flemlerin \u00f6nlenmesi i\u00e7in ihtiya\u00e7 vard\u0131r ve engellenmesi halinde Web Sitesi \u00e7al\u0131\u015famayacakt\u0131r.<\/p>\n\n\n\n<p>b)&nbsp;<strong>\u0130\u015flev \u00c7erezleri:<\/strong>&nbsp;Bu \u00e7erezler size daha geli\u015fmi\u015f ve kolay bir kullan\u0131m deneyimi ya\u015fatmak i\u00e7in kullan\u0131lan \u00e7erezlerdir. \u00d6rne\u011fin \u00f6nceki tercihlerinizi hat\u0131rlamak, Web Sitesi \u00fczerinde yer alan baz\u0131 i\u00e7eriklere rahat\u00e7a eri\u015fmenizi sa\u011flamak i\u015flevlerini yerine getirmektedir. A\u015fa\u011f\u0131da detayl\u0131 olarak a\u00e7\u0131klanan \u015fekilde bu \u00e7erezlerin kullan\u0131m\u0131n\u0131 engelleyebilirsiniz.<\/p>\n\n\n\n<p>c)&nbsp;<strong>Analiz\/Performans \u00c7erezleri:<\/strong>&nbsp;Bu \u00e7erezler, Web Sitesi&#8217;nin i\u015fleyi\u015finizi analiz edip anlam\u0131m\u0131z\u0131 sa\u011flayan ve sizinle etkile\u015fime ge\u00e7erek Web Sitesi&#8217;ni geli\u015ftirebilmemizi sa\u011flamaktad\u0131r. A\u015fa\u011f\u0131da detayl\u0131 olarak a\u00e7\u0131klanan \u015fekilde bu \u00e7erezlerin kullan\u0131m\u0131n\u0131 engelleyebilirsiniz.<\/p>\n\n\n\n<p>d)&nbsp;<strong>Hedefleme\/Reklam \u00c7erezleri:<\/strong>&nbsp;Bu \u00e7erezler, size, reklam i\u00e7erikleri de d\u00e2hil olmak \u00fczere, ilginizi \u00e7ekebilecek i\u00e7erikleri saptayarak sunmam\u0131z i\u00e7in kullan\u0131lmaktad\u0131r. A\u015fa\u011f\u0131da detayl\u0131 olarak a\u00e7\u0131klanan \u015fekilde bu \u00e7erezlerin kullan\u0131m\u0131n\u0131 engelleyebilirsiniz. Ancak bu \u00e7erezleri engellemeniz, reklam i\u00e7eriklerini tamamen engellemeyecek sadece sizin ilginizi \u00e7ekebilecek olan reklamlar yerine genel i\u00e7erikli reklamlar sunulacakt\u0131r.<\/p>\n\n\n\n<p>Yukar\u0131da ifade edilen \u00e7erezlerin arka planda tutulma s\u00fcresi yakla\u015f\u0131k&nbsp;2 (iki) ay&nbsp;olup ziyaret\u00e7i internet taray\u0131c\u0131s\u0131 ayarlar\u0131ndan bunda gerekli ayarlamalar\u0131 yap\u0131labilir. \u0130\u015fbu ayarlardan kald\u0131r\u0131lma i\u015flemi internet taray\u0131c\u0131s\u0131 bazl\u0131 de\u011fi\u015febilmektedir. Web Sitesi&#8217;mizde farkl\u0131 t\u00fcrlerde \u00e7erezler kullan\u0131lmaktad\u0131r. Bunlar&nbsp;Web Sitesi&#8217;nin \u00e7al\u0131\u015fmas\u0131n\u0131 sa\u011flamak i\u00e7in kullan\u0131lmas\u0131 zorunlu olan \u00e7erezler, i\u015flev \u00e7erezleri, analiz\/performans \u00e7erezleri ve hedefleme\/reklam \u00e7erezleridir.<\/p>\n\n\n\n<p><strong>3-&nbsp;\u00dc\u00e7\u00fcnc\u00fc Parti \u00c7erezler:&nbsp;<\/strong>SPECTRUM, internet siteleri\/mobil uygulamalar\u0131\/mobil internet siteleri \u00fc\u00e7\u00fcnc\u00fc parti g\u00fcvenilir, tan\u0131nm\u0131\u015f reklam sa\u011flay\u0131c\u0131lar\u0131yla \u00e7al\u0131\u015fmaktad\u0131r. \u00dc\u00e7\u00fcnc\u00fc parti hizmet sa\u011flay\u0131c\u0131lar size \u00f6zel reklamlar\u0131 sunabilmek i\u00e7in kendi \u00e7erezlerini yerle\u015ftirmektedirler. \u00dc\u00e7\u00fcnc\u00fc parti taraf\u0131ndan yerle\u015ftirilen \u00e7erezler internet sitelerinde ziyaret\u00e7ilerin gezinme bilgilerini toplar, i\u015fler ve nas\u0131l kulland\u0131klar\u0131n\u0131 analiz eder.<\/p>\n\n\n\n<p><strong>4-&nbsp;\u00c7erez \u0130zinleri:&nbsp;<\/strong>SPECTRUM, internet siteleri\/mobil uygulamalar\u0131\/mobil internet sitelerini kullanarak \u00e7erezlerin Politika kapsam\u0131nda uyumlu \u015fekilde kullan\u0131lmas\u0131na onay vermi\u015f olursunuz. Elektronik cihaz\u0131n\u0131zda \u00c7erez uygulamalar\u0131m\u0131z\u0131 kabul etmek istemiyorsan\u0131z \u00c7erez uygulamas\u0131n\u0131 reddedebilirsiniz. \u00c7erezleri reddetmeniz durumunda internet sitemiz veya mobil uygulamalar\u0131m\u0131z gerekti\u011fi gibi \u00e7al\u0131\u015fmayabilir veya talep etti\u011finiz hizmetlerin sunulmas\u0131 s\u0131ras\u0131nda aksakl\u0131klara neden olabilir.<\/p>\n\n\n\n<p>\u00c7erezlerin kullan\u0131m\u0131 hakk\u0131nda bilgilendirme&nbsp;<a href=\"http:\/\/www.spectrumhouse.com.tr\">www.spectrumhouse.com.tr<\/a>&nbsp;internet sitesine yap\u0131lacak ilk ziyarette a\u00e7\u0131l\u0131r pencere ile verilecektir. Bu pencereyi kapatt\u0131\u011f\u0131n\u0131zda kabul etmi\u015f say\u0131lacaks\u0131n\u0131z. A\u015fa\u011f\u0131da ifade edildi\u011fi \u015fekilde \u00e7erez kullan\u0131m\u0131ndan \u00e7\u0131kma yap\u0131labilmektedir.<\/p>\n\n\n\n<p><strong>5-&nbsp;\u00c7erez Y\u00f6netimi:&nbsp;<\/strong>Bilgisayar h\u00e2lihaz\u0131rda bulunan \u00e7erezleri silebilir ve internet gezgininize \u00e7erez kaydedilmesini\/yerle\u015ftirilmesini engelleyebilirsiniz.<\/p>\n\n\n\n<p>\u0130nternet taray\u0131c\u0131lar\u0131 \u00e7erezleri otomatik olarak kabul edecek \u015fekilde \u00f6n tan\u0131ml\u0131d\u0131r. \u00c7erezleri y\u00f6netmek taray\u0131c\u0131dan taray\u0131c\u0131ya farkl\u0131l\u0131k g\u00f6sterdi\u011finden ayr\u0131nt\u0131l\u0131 bilgi almak i\u00e7in taray\u0131c\u0131n\u0131n veya uygulaman\u0131n yard\u0131m men\u00fcs\u00fcne bakabilirsiniz.<\/p>\n\n\n\n<p>\u00d6rnek:<br><strong>&#8220;Google Chrome -&gt; Ayarlar -&gt; Geli\u015fmi\u015f -&gt; Gizlilik ve G\u00fcvenlik -&gt; Site Ayarlar\u0131 -&gt; \u00c7erezler ve Site Verileri -&gt; Sitelerin \u00e7erez verilerini kaydetmelerine ve okumalar\u0131na izin ver&#8221;&nbsp;<\/strong>se\u00e7ene\u011fi ile y\u00f6netebilirsiniz.<\/p>\n\n\n\n<p><strong>&#8220;Internet Explorer -&gt; Ayarlar -&gt; \u0130nternet Se\u00e7enekleri -&gt; Gizlilik -&gt; Geli\u015fmi\u015f ayarlar&#8221;&nbsp;<\/strong>men\u00fcs\u00fcnden y\u00f6netebilirsiniz.<\/p>\n\n\n\n<p>\u00c7o\u011fu Internet gezgini a\u015fa\u011f\u0131dakileri yapman\u0131za olanak tan\u0131r:<\/p>\n\n\n\n<ul class=\"wp-block-list\">\n<li>Kaydedilmi\u015f \u00e7erezleri g\u00f6r\u00fcnt\u00fcleme ve dilediklerinizi silme<\/li>\n\n\n\n<li>\u00dc\u00e7\u00fcnc\u00fc taraf \u00e7erezleri engelleme<\/li>\n\n\n\n<li>Belli sitelerden \u00e7erezleri engelleme<\/li>\n\n\n\n<li>T\u00fcm \u00e7erezleri engelleme<\/li>\n\n\n\n<li>Internet gezginini kapatt\u0131\u011f\u0131n\u0131zda t\u00fcm \u00e7erezleri silme<\/li>\n<\/ul>\n\n\n\n<p>\u00c7erezleri silmeyi tercih ederseniz ilgili web sitesindeki tercihleriniz silinecektir. Ayr\u0131ca, \u00e7erezleri tamamen engellemeyi tercih ederseniz SPECTRUM\u2019a ait web siteleri d\u00e2hil olmak \u00fczere bir\u00e7ok web sitesi ve dijital platform d\u00fczg\u00fcn \u00e7al\u0131\u015fmayabilir.<\/p>\n\n\n\n<p><strong>Mobil Cihaz\u0131n\u0131zda \u00c7erezleri Kontrol etmek i\u00e7in;<\/strong><\/p>\n\n\n\n<p>Apple Cihazlarda;<\/p>\n\n\n\n<ul class=\"wp-block-list\">\n<li><strong>&#8220;Ayarlar -&gt; Safari -&gt; Ge\u00e7mi\u015fi ve Web Sitesi Verilerini Sil&#8221;&nbsp;<\/strong>ad\u0131mlar\u0131 ile tarama ge\u00e7mi\u015finizi ve \u00e7erezleri temizleyebilirsiniz..<\/li>\n\n\n\n<li><strong>\u00c7erezleri silip ge\u00e7mi\u015finizi tutmak i\u00e7in &#8220;Ayarlar -&gt; Safari -&gt; \u0130leri D\u00fczey -&gt; Web Sitesi Verileri -&gt; T\u00fcm Web Sitesi Verilerini Sil&#8221;&nbsp;<\/strong>ad\u0131mlar\u0131n\u0131 izleyebilirsiniz.<\/li>\n\n\n\n<li>Siteleri ziyaret ederken ge\u00e7mi\u015f verilerinin tutulmas\u0131n\u0131 istemiyorsan\u0131z;\n<ul class=\"wp-block-list\">\n<li><strong>&#8220;Safari -&gt;&nbsp;-&gt; \u00d6zel -&gt; Bitti&#8221;&nbsp;<\/strong>ad\u0131mlar\u0131n\u0131 izleyerek \u00f6zel dola\u015f\u0131m\u0131 aktif hale getirebilirsiniz.<\/li>\n<\/ul>\n<\/li>\n\n\n\n<li><strong>&#8220;Ayarlar -&gt; Safari -&gt; T\u00fcm \u00c7erezleri Engelle&#8221;<\/strong>&nbsp;ad\u0131mlar\u0131 ile \u00e7erezleri engelleyebilirsiniz. Ancak; \u00e7erezleri engelledi\u011finizde baz\u0131 web siteleri ve \u00f6zellikler d\u00fczg\u00fcn \u00e7al\u0131\u015fmayabilir.<\/li>\n<\/ul>\n\n\n\n<p>Android Cihazlarda;<\/p>\n\n\n\n<ul class=\"wp-block-list\">\n<li><strong>&#8220;Chrome uygulamas\u0131 -&gt; Ayarlar -&gt; Gizlilik -&gt; Tarama verilerini temizle -&gt; \u00c7erezler, medya lisanslar\u0131 ve site verileri -&gt; Verileri Temizle&#8221;&nbsp;<\/strong>se\u00e7ene\u011fi ile \u00e7erezlerinizi temizleyebilirsiniz.<\/li>\n\n\n\n<li><strong>&#8220;Chrome Uygulamas\u0131 -&gt; Ayarlar -&gt; Site Ayarlar\u0131 -&gt; \u00c7erezler&#8221;&nbsp;<\/strong>se\u00e7ene\u011fi ile \u00e7erezlere izin verebilir veya engelleyebilirsiniz.<\/li>\n<\/ul>\n\n\n\n<p>Di\u011fer ana web taray\u0131c\u0131lar\u0131nda bu i\u015flemin nas\u0131l yap\u0131laca\u011f\u0131 hakk\u0131nda daha fazla bilgiyi <a href=\"https:\/\/www.esb.org.tr\/cerez-bellek\" title=\"\">https:\/\/www.esb.org.tr\/cerez-bellek<\/a> veya <a href=\"https:\/\/www.aboutcookies.org\" title=\"\">https:\/\/www.aboutcookies.org<\/a> adresinde bulabilirsiniz. Ziyaret etti\u011finiz web sitelerinin geride b\u0131rakt\u0131\u011f\u0131 t\u00fcm \u00e7erezli \u00fc\u00e7\u00fcnc\u00fc parti yaz\u0131l\u0131mlar arac\u0131l\u0131\u011f\u0131yla da silebilirsiniz.<\/p>\n\n\n\n<p><strong>SPECTRUM;<\/strong>&nbsp;i\u015fbu Politika\u2019da kullan\u0131c\u0131lar\u0131na\/ziyaret\u00e7ilerine veya internet sitesi ziyaret\u00e7ilerine bildirmeksizin de\u011fi\u015fiklik yapma hakk\u0131n\u0131 haizdir.<\/p>\n","protected":false},"excerpt":{"rendered":"<p>Bu \u00c7erez Politikas\u0131 (k\u0131saca\u00a0\u201cPolitika\u201d\u00a0olarak an\u0131lacakt\u0131r.); (k\u0131saca \u201cSPECTRUM HOUSE\u201d olarak an\u0131lacakt\u0131r.) taraf\u0131ndan y\u00fcr\u00fct\u00fclen internet siteleri ve mobil platformlar, \u00fc\u00e7\u00fcnc\u00fc parti programlar veya internet siteleri \u00fczerinden eri\u015filen, kullan\u0131lan platformlar i\u00e7in ge\u00e7erlidir. \u00dcyelik i\u015flemlerinizin tamamlanarak\u00a0www.spectrumhouse.com.tr\u00a0sitesine \u00fcye olman\u0131z halinde ki\u015fisel verilerinizin i\u015flenmesine dair detayl\u0131 bilgilere\u00a0www.spectrumhouse.com.tr\u00a0adresindeki Ayd\u0131nlatma Metni&#8216;nde ula\u015fabilirsiniz. 1-&nbsp;Ama\u00e7 unsuru:&nbsp;\u00c7erez bir internet sitesinin d\u00fczg\u00fcn bir \u015fekilde \u00e7al\u0131\u015fmas\u0131, kullan\u0131c\u0131\/ziyaret\u00e7i deneyiminin [&hellip;]<\/p>\n","protected":false},"author":9,"featured_media":0,"parent":0,"menu_order":0,"comment_status":"closed","ping_status":"closed","template":"","meta":{"footnotes":""},"class_list":["post-2907","page","type-page","status-publish","hentry"],"_links":{"self":[{"href":"https:\/\/spectrumhouse.com.tr\/en\/wp-json\/wp\/v2\/pages\/2907","targetHints":{"allow":["GET"]}}],"collection":[{"href":"https:\/\/spectrumhouse.com.tr\/en\/wp-json\/wp\/v2\/pages"}],"about":[{"href":"https:\/\/spectrumhouse.com.tr\/en\/wp-json\/wp\/v2\/types\/page"}],"author":[{"embeddable":true,"href":"https:\/\/spectrumhouse.com.tr\/en\/wp-json\/wp\/v2\/users\/9"}],"replies":[{"embeddable":true,"href":"https:\/\/spectrumhouse.com.tr\/en\/wp-json\/wp\/v2\/comments?post=2907"}],"version-history":[{"count":0,"href":"https:\/\/spectrumhouse.com.tr\/en\/wp-json\/wp\/v2\/pages\/2907\/revisions"}],"wp:attachment":[{"href":"https:\/\/spectrumhouse.com.tr\/en\/wp-json\/wp\/v2\/media?parent=2907"}],"curies":[{"name":"wp","href":"https:\/\/api.w.org\/{rel}","templated":true}]}}