{"id":2443,"date":"2022-03-17T14:12:06","date_gmt":"2022-03-17T14:12:06","guid":{"rendered":"http:\/\/spectrumhouse.com.tr\/?page_id=2443"},"modified":"2022-03-17T14:12:06","modified_gmt":"2022-03-17T14:12:06","slug":"di-capemeniye-de-spectrum-house","status":"publish","type":"page","link":"https:\/\/spectrumhouse.com.tr\/en\/di-capemeniye-de-spectrum-house\/","title":{"rendered":"Di \u00e7apemeniy\u00ea de Spectrum House"},"content":{"rendered":"\n<ul class=\"wp-block-list\">\n<li><a href=\"https:\/\/www.rudaw.net\/kurmanci\/kurdistan\/020920236\">Spectrum House: Pirsa Kurd \u00e7i bandor\u00ea li jiyana we dike?<\/a> &#8211; R\u00fbdaw<\/li>\n\n\n\n<li><a href=\"https:\/\/www.serhatnews.com\/ku\/spectrum-house-pirsgireka-kurd-ji-4-kesan-bandore-li-ser-jiyana-3-kesan-dike\">Spectrum House: Pirsgir\u00eaka Kurd ji 4 kesan bandor\u00ea li ser jiyana 3 kesan dike<\/a> &#8211; Serhat News<\/li>\n\n\n\n<li><a href=\"https:\/\/diyarbakiryenigun.com\/gundem\/spectrum-housedan-arastirma-kurt-meselesini-kim-cozer-166297h\">Spectrum House\u2019dan ara\u015ft\u0131rma; K\u00fcrt meselesini kim \u00e7\u00f6zer?<\/a> &#8211; Diyarbak\u0131r Yenig\u00fcn<\/li>\n\n\n\n<li><a href=\"https:\/\/www.youtube.com\/watch?v=zikGSixkml4\">Spectrum House&#8217;dan K\u00fcrt meselesi ve bar\u0131\u015f raporu<\/a> &#8211; Art\u0131 TV<\/li>\n\n\n\n<li><a href=\"https:\/\/yeniyasamgazetesi5.com\/spectrum-house-kurt-sorunun-cozumu-baris-ve-diyalogdan-gecer\/\">Spectrum House: K\u00fcrt sorunun \u00e7\u00f6z\u00fcm\u00fc bar\u0131\u015f ve diyalogdan ge\u00e7er<\/a> &#8211; Yeni ya\u015fam<\/li>\n\n\n\n<li><a href=\"https:\/\/www.nupel.tv\/spectrum-housedan-kurt-illerinde-cozum-odakli-arastirma-286124.html\">Spectrum House\u2019dan K\u00fcrt illerinde \u2018\u00e7\u00f6z\u00fcm\u2019 odakl\u0131 ara\u015ft\u0131rma<\/a> &#8211; N\u00fbpel<\/li>\n\n\n\n<li><a href=\"https:\/\/www.rudaw.net\/turkish\/middleeast\/turkey\/0209202312\">Spectrum House&#8217;dan K\u00fcrt illerinde &#8216;\u00e7\u00f6z\u00fcm&#8217; odakl\u0131 ara\u015ft\u0131rma<\/a> &#8211; R\u00fbdaw<\/li>\n\n\n\n<li><a href=\"https:\/\/artigercek.com\/politika\/spectrum-housedan-kurt-meselesi-ve-baris-raporu-yeni-bir-surec-beklentisi-var-263712h\">Spectrum House&#8217;dan K\u00fcrt Meselesi ve Bar\u0131\u015f raporu: Yeni bir s\u00fcre\u00e7 beklentisi var, K\u00fcrtler iktidar\u0131n politikalar\u0131ndan rahats\u0131z<\/a> &#8211; Art\u0131 Ger\u00e7ek<\/li>\n\n\n\n<li><a href=\"https:\/\/www.gazeteduvar.com.tr\/kurt-illeri-arastirmasi-yeni-surec-icin-guclu-bir-beklenti-var-galeri-1635805\">K\u00fcrt illeri ara\u015ft\u0131rmas\u0131: &#8216;Yeni s\u00fcre\u00e7 i\u00e7in g\u00fc\u00e7l\u00fc bir beklenti var&#8217;<\/a> &#8211; Gazete Duvar<\/li>\n\n\n\n<li><a href=\"https:\/\/www.dengeamerika.com\/a\/spectrum_kurd_akp_mhp\/6830282.html\">Navenda Spectrum House V\u00eakol\u00eena M\u00eayla Hilbij\u00ear\u00ean Kurd li Tirk\u00eey\u00ea We\u015fand<\/a> &#8211; Eyy\u00fbp Dem\u00eer \/ VOA<\/li>\n\n\n\n<li><a href=\"http:\/\/www.anhanews.com\/ozel-haber\/son-anket-kurt-secmen-kime-oy-verecek-hangi-adayi-tercih-edecek-h99924.html\">Son anket: K\u00fcrt se\u00e7men kime oy verecek; hangi aday\u0131 tercih edecek?<\/a> &#8211; Anha News<\/li>\n\n\n\n<li><a href=\"https:\/\/www.vanekspres.com.tr\/gundem\/kurt-secmen-anketinde-ak-parti-kan-kaybediyor-hdp-ise-yukseliste-h25444.html\">K\u00fcrt se\u00e7men anketinde Ak Parti Kan Kaybediyor HDP ise y\u00fckseli\u015fte<\/a> &#8211; Van Ekspres<\/li>\n\n\n\n<li><a href=\"https:\/\/krdnews.info\/kurt-secmen-anketi-ak-partide-kayip-buyuk-hdp-yukseliyor\">K\u00fcrt se\u00e7men anketi: AK Parti&#8217;de kay\u0131p b\u00fcy\u00fck, HDP y\u00fckseliyor<\/a> &#8211; KRD News<\/li>\n\n\n\n<li><a href=\"https:\/\/www.rudaw.net\/turkish\/middleeast\/turkey\/091120226\">ARA\u015eTIRMA: AK Parti\u2019nin 2015 sonras\u0131 politikalar\u0131 K\u00fcrtlerde k\u0131r\u0131lma yaratt\u0131<\/a> &#8211; Rudaw<\/li>\n\n\n\n<li><a href=\"https:\/\/jiyanhaber.com\/kurt-secmen-anketi-akp-eriyor-hdp-yukseliyor\/\">K\u00fcrt se\u00e7men anketi: AKP eriyor, HDP y\u00fckseliyor<\/a> &#8211; Jiyan Haber<\/li>\n\n\n\n<li><a href=\"https:\/\/kisadalga.net\/haber\/detay\/son-anket-kurt-secmen-kime-oy-verecek-hangi-adayi-tercih-edecek_46339\">Son anket: K\u00fcrt se\u00e7men kime oy verecek; hangi aday\u0131 tercih edecek?<\/a> &#8211; K\u0131sa Dalga<\/li>\n\n\n\n<li><a href=\"https:\/\/www.demokrathaber.org\/son-anket-kurt-secmen-kime-oy-verecek-hangi-adayi-tercih-edecek\">Son anket: K\u00fcrt se\u00e7men kime oy verecek; hangi aday\u0131 tercih edecek?<\/a> &#8211; Demokrat Haber<\/li>\n\n\n\n<li><a href=\"https:\/\/www.yuksekovahaber.com.tr\/haber\/kurt-secmen-anketi-ak-partide-kayip-buyuk-hdp-yukseliyor-252785.htm?utm_source=dlvr.it&amp;utm_medium=twitter\">K\u00fcrt se\u00e7men anketi: AK Parti&#8217;de kay\u0131p b\u00fcy\u00fck, HDP y\u00fckseliyor<\/a> &#8211; Y\u00fcksekova Haber<\/li>\n\n\n\n<li><a href=\"https:\/\/kuzey24.com\/son-anket-kurt-illerinde-secmen-kime-oy-verecek-hangi-adayi-tercih-edecek\/?amp=1\">Son anket: K\u00fcrt illerinde se\u00e7men kime oy verecek; hangi aday\u0131 tercih edecek?<\/a> &#8211; K24<\/li>\n\n\n\n<li><a href=\"http:\/\/haberduvari.net\/kurt-secmennden-kilicdaroglu-suprizi\/\">K\u00fcrt Se\u00e7men\u2019nden K\u0131l\u0131\u00e7daro\u011flu S\u00fcprizi\u2026<\/a> &#8211; Haber Duvar\u0131<\/li>\n\n\n\n<li><a href=\"https:\/\/www.ramedya.net\/son-anket-kurt-secmen-kime-oy-verecek-hangi-adayi-tercih-edecek-36031.html\">Son anket: K\u00fcrt se\u00e7men kime oy verecek; hangi aday\u0131 tercih edecek?<\/a> &#8211; Ra Medya<\/li>\n\n\n\n<li><a href=\"https:\/\/mardinhaber.com.tr\/haber\/12517885\/spectrum-housetan-dikkat-ceken-kurt-secmen-raporu\">Spectrum House&#8217;tan Dikkat \u00c7eken K\u00fcrt Se\u00e7men Raporu<\/a> &#8211; Mardin Haber<\/li>\n\n\n\n<li><a href=\"https:\/\/gazetekarinca.com\/kurt-secmen-raporu-akpnin-oylari-yari-yariya-dustu-hdpde-yukselis-var\/\">K\u00fcrt se\u00e7men raporu: AKP\u2019nin oylar\u0131 yar\u0131 yar\u0131ya d\u00fc\u015ft\u00fc, HDP\u2019de y\u00fckseli\u015f var<\/a> &#8211; Gazete Kar\u0131nca<\/li>\n\n\n\n<li><a href=\"https:\/\/www.gazeteduvar.com.tr\/kurt-secmen-anketi-ak-partide-kayip-buyuk-hdp-yukseliyor-galeri-1588534\">K\u00fcrt se\u00e7men anketi: AK Parti&#8217;de kay\u0131p b\u00fcy\u00fck, HDP y\u00fckseliyor<\/a> &#8211; Gazete Duvar<\/li>\n\n\n\n<li><a href=\"https:\/\/www.indyturk.com\/node\/574271\/haber\/k%C3%BCrt-se%C3%A7menin-siyasi-e%C4%9Filimi-ve-parti-se%C3%A7imi-ara%C5%9Ft%C4%B1r%C4%B1ld%C4%B1-oy-tercihini-etkilemede\">K\u00fcrt se\u00e7menin siyasi e\u011filimi ve parti se\u00e7imi ara\u015ft\u0131r\u0131ld\u0131: Oy tercihini etkilemede sosyal medya ilk s\u0131rada<\/a> &#8211; Abdulhakim G\u00fcnayd\u0131n \/ Independent T\u00fcrk\u00e7e<\/li>\n\n\n\n<li><a href=\"https:\/\/m.bianet.org\/bianet\/siyaset\/269716-hdp-kurt-secmende-oyunu-yuzde-73-e-cikardi-akp-yari-yariya-dustu\">&#8220;HDP K\u00fcrt se\u00e7mende oyunu y\u00fczde 73&#8217;e \u00e7\u0131kard\u0131, AKP yar\u0131 yar\u0131ya d\u00fc\u015ft\u00fc&#8221;<\/a> &#8211; Ruken Tuncel \/ Bianet<\/li>\n\n\n\n<li><a href=\"https:\/\/www.nerinaazad2.com\/tr\/news\/regions\/turkey\/spectrum-houseden-kurt-secmen-raporu\">Spectrum House&#8217;den K\u00fcrt se\u00e7men raporu<\/a> &#8211; Nerina Azad<\/li>\n\n\n\n<li><a href=\"https:\/\/www.nupel.tv\/arastirma-spectrum-house-akp-kurtlere-yonelik-politikasi-sebebiyle-kurt-oylarini-kaybetti-253979.html\">Ara\u015ft\u0131rma \/ Spectrum House: AKP K\u00fcrtlere y\u00f6nelik politikas\u0131 sebebiyle K\u00fcrt oylar\u0131n\u0131 kaybetti<\/a> &#8211; N\u00fbpel<\/li>\n\n\n\n<li><a href=\"https:\/\/artigercek.com\/politika\/spectrum-houseun-kurt-secmen-raporu-229188h\">Spectrum House&#8217;un K\u00fcrt se\u00e7men raporu: AKP&#8217;de yar\u0131ya yak\u0131n d\u00fc\u015f\u00fc\u015f, HDP&#8217;de y\u00fckseli\u015f var<\/a> &#8211; Art\u0131 Ger\u00e7ek<\/li>\n\n\n\n<li><a href=\"https:\/\/yeniyasamgazetesi3.com\/spectrum-house-gencler-hdpyi-tercih-ediyor\/\">Spectrum House: Gen\u00e7ler HDP\u2019yi tercih ediyor<\/a> &#8211; Yeni Ya\u015fam<\/li>\n\n\n\n<li><a href=\"https:\/\/politikahaber.com\/spectrum-house-akp-eriyor-hdp-yukseliyor\/\">Spectrum House: AKP eriyor, HDP y\u00fckseliyor<\/a> &#8211; Politika Haber<\/li>\n\n\n\n<li><a href=\"http:\/\/mezopotamyaajansi35.com\/tum-haberler\/content\/view\/188132\">Spectrum House: AKP eriyor, HDP y\u00fckseliyor<\/a> &#8211; Mezopotamya<\/li>\n\n\n\n<li><a href=\"http:\/\/www.nerinaazad1.com\/tr\/news\/life\/people\/kurt-z-kusaginin-siginmaci-ve-gocmenlere-yonelik-algi-ve-tutumlari-raporu-yayinl\">Spectrum House ara\u015ft\u0131rmas\u0131: &#8216;K\u00fcrt Z ku\u015fa\u011f\u0131, s\u0131\u011f\u0131nmac\u0131 ve g\u00f6\u00e7menlerin yerle\u015fmesine kar\u015f\u0131&#8217;<\/a> &#8211; Nerina Azad<\/li>\n\n\n\n<li><a href=\"https:\/\/medyascope.tv\/2022\/09\/22\/spectrum-house-arastimasi-kurt-z-kusagi-siginmaci-ve-gocmenlerin-yerlesmesine-karsi-gonderilmelerine-destek-veriyor\/\">Spectrum House ara\u015ft\u0131rmas\u0131: \u201cK\u00fcrt Z ku\u015fa\u011f\u0131, s\u0131\u011f\u0131nmac\u0131 ve g\u00f6\u00e7menlerin yerle\u015fmesine kar\u015f\u0131, g\u00f6nderilmelerine destek veriyor\u201d<\/a> &#8211; Ferit Aslan \/ Medyascope<\/li>\n\n\n\n<li><a href=\"https:\/\/www.rudaw.net\/turkish\/middleeast\/turkey\/2309202211\">Z ku\u015fa\u011f\u0131 K\u00fcrtler: G\u00f6\u00e7menler T\u00fcrkiye\u2019ye yerle\u015fmesin, geri g\u00f6nderilsinler<\/a> &#8211; R\u00fbdaw<\/li>\n\n\n\n<li><a href=\"https:\/\/www.indyturk.com\/node\/555961\/haber\/k\u00fcrt-z-ku\u015fa\u011f\u0131n\u0131n-g\u00f6\u00e7men-alg\u0131-ve-tutumu-ara\u015ft\u0131r\u0131ld\u0131-vatanda\u015fl\u0131k-verilmesin\">K\u00fcrt Z ku\u015fa\u011f\u0131n\u0131n g\u00f6\u00e7men alg\u0131 ve tutumu ara\u015ft\u0131r\u0131ld\u0131: Vatanda\u015fl\u0131k verilmesin, \u00fclkelerine geri g\u00f6nderilsinler<\/a> &#8211; Abdulhakim G\u00fcnayd\u0131n \/ Independent T\u00fcrk\u00e7e<\/li>\n\n\n\n<li><a href=\"https:\/\/m.bianet.org\/bianet\/goc\/267486-spectrum-house-arastirdi-kurt-z-kusagi-multecilere-nasil-bakiyor\">Spectrum House ara\u015ft\u0131rd\u0131 | K\u00fcrt Z Ku\u015fa\u011f\u0131 m\u00fcltecilere nas\u0131l bak\u0131yor?<\/a> &#8211; Ruken Tuncel \/ Bianet<\/li>\n\n\n\n<li><a href=\"https:\/\/m.bianet.org\/kurdi\/siyaset\/262260-bi-parastina-mafen-penaberan-we-mafen-her-kesi-xurtir-bibe\">\u201cBi parastina maf\u00ean penaberan re, w\u00ea maf\u00ea her kes\u00ee xurtir bibe\u201d<\/a>&nbsp;&#8211; Dara Demiralp \/ Bianet<\/li>\n\n\n\n<li><a href=\"https:\/\/artigercek.com\/haberler\/akademisyen-yasin-duman-multeci-karsitliginda-ciddi-bir-uzlasi-var\">Akademisyen Yasin Duman: M\u00fclteci kar\u015f\u0131tl\u0131\u011f\u0131nda ciddi bir uzla\u015f\u0131 var<\/a> &#8211; Seda Ta\u015fk\u0131n \/ Art\u0131 Ger\u00e7ek<\/li>\n\n\n\n<li><a href=\"https:\/\/bianet.org\/kurdi\/zanisti\/259136-dr-azad-baris-nifsa-zye-ya-kurdan-dixwaze-ji-tirkiyeye-bice-welateki-din\">Dr. Azad Bari\u015f: Nif\u015fa Zy\u00ea ya Kurdan dixwaze ji Tirkiyey\u00ea bi\u00e7e welatek\u00ee din<\/a> &#8211; Dara Demiralp \/ Bianet<\/li>\n\n\n\n<li><a href=\"https:\/\/www.youtube.com\/watch?v=p_Wvm4orjnQ\" target=\"_blank\" rel=\"noreferrer noopener\">K\u00fcrt Z ku\u015fa\u011f\u0131 ne istiyor? Dr. Azad Bar\u0131\u015f anlatt\u0131<\/a> &#8211; G\u00fclten Sar\u0131 \/ YouTube<\/li>\n\n\n\n<li><a href=\"https:\/\/www.youtube.com\/watch?v=DxXm8xkpTgg\">Alternatif G\u00fcndem \u2013 Azad Bar\u0131\u015f<\/a> &#8211; Medya Haber \/ YouTube<\/li>\n\n\n\n<li><a href=\"https:\/\/medyascope.tv\/2022\/03\/03\/kurt-z-kusagi-arastirmasi-sosyolog-azad-baris-kurt-z-kusagi-milliyetcilesiyor-ekrem-imamogluna-buyuk-ilgi-var\/\">Sosyolog Azad Bar\u0131\u015f: \u201cK\u00fcrt Z ku\u015fa\u011f\u0131 milliyet\u00e7ile\u015fiyor, Ekrem \u0130mamo\u011flu\u2019na b\u00fcy\u00fck ilgi var\u201d<\/a> &#8211; Medyascope<\/li>\n\n\n\n<li><a href=\"https:\/\/kronos35.news\/tr\/arastirma-z-kusagi-kurtler-siyasete-ilgisiz-ve-yurt-disina-gitmek-istiyorlar\/?utm_source=dlvr.it&amp;utm_medium=twitter\">Ara\u015ft\u0131rma: Z ku\u015fa\u011f\u0131 K\u00fcrtler siyasete ilgisiz ve yurt d\u0131\u015f\u0131na gitmek istiyorlar<\/a> &#8211; Kronos<\/li>\n\n\n\n<li><a href=\"https:\/\/www.omedyam.com\/kurt-z-kusagindan-erdogana-kirmizi-kart-135086\/\">K\u00fcrt Z Ku\u015fa\u011f\u0131&#8217;ndan Erdo\u011fan&#8217;a &#8216;k\u0131rm\u0131z\u0131 kart&#8217;<\/a> &#8211; Omedyam<\/li>\n\n\n\n<li><a href=\"https:\/\/www.gercekgundem.com\/galeri\/siyaset\/17575\/imamogluna-rekor-destek-kurt-z-kusagindan-erdogana-kirmizi-kart\">\u0130mamo\u011flu&#8217;na rekor destek: K\u00fcrt Z Ku\u015fa\u011f\u0131&#8217;ndan Erdo\u011fan&#8217;a &#8216;k\u0131rm\u0131z\u0131 kart&#8217;<\/a> &#8211; Ger\u00e7ek G\u00fcndem<\/li>\n\n\n\n<li><a href=\"https:\/\/yeniyasamgazetesi2.com\/kurt-gencleri-yeni-yasam-okuyor\/\">K\u00fcrt gen\u00e7leri Yeni Ya\u015fam okuyor<\/a> &#8211; Yeni Ya\u015fam<\/li>\n\n\n\n<li><a href=\"http:\/\/mezopotamyaajansi35.com\/tum-haberler\/content\/view\/145331\">HDP&#8217;li se\u00e7menin y\u00fczde 89&#8217;u erken se\u00e7im istiyor<\/a> &#8211; Mezopotamya Ajans\u0131<\/li>\n\n\n\n<li><a href=\"https:\/\/www.gazeteduvar.com.tr\/hdp-secmeni-anketinde-imamoglu-yaniti-galeri-1533543\">HDP se\u00e7meni anketinde \u0130mamo\u011flu yan\u0131t\u0131<\/a> &#8211; Gazete Duvar<\/li>\n\n\n\n<li><a href=\"https:\/\/bianet.org\/bianet\/siyaset\/249766-istanbul-da-yasayan-hdp-secmeni-ne-istiyor?bia_source=twitter&amp;utm_source=dlvr.it&amp;utm_medium=twitter\">\u0130stanbul&#8217;da ya\u015fayan HDP se\u00e7meni ne istiyor?<\/a> &#8211; Ruken Tuncel \/ Bianet<\/li>\n\n\n\n<li><a href=\"https:\/\/www.haber3.com\/foto-galeri\/haber\/kurt-kokenli-z-kusagi-anketinden-dikkat-ceken-sonuclar-galeri-6063745?utm_source=dlvr.it&amp;utm_medium=twitter&amp;utm_campaign=haber3com\">&#8221;K\u00fcrt k\u00f6kenli Z ku\u015fa\u011f\u0131&#8221; anketinden dikkat \u00e7eken sonu\u00e7lar<\/a> &#8211; Haber3<\/li>\n\n\n\n<li><a href=\"https:\/\/kisadalga.net\/haber\/detay\/kurt-z-kusagi-arastirmasi-hdp-yuzde-578-chp-yuzde-184-akp-yuzde-152_25571#.Yh3ppHR_v4I.twitter\">K\u00fcrt Z ku\u015fa\u011f\u0131 ara\u015ft\u0131rmas\u0131: HDP y\u00fczde 57,8, CHP y\u00fczde 18,4, AKP y\u00fczde 15,2<\/a> &#8211; K\u0131sa Dalga<\/li>\n\n\n\n<li><a href=\"https:\/\/gazetekarinca.com\/her-yonuyle-kurt-z-kusagi-neye-ilgi-gosteriyor-neyi-izliyor-siyaseten-nerede-duruyor\/\">Her y\u00f6n\u00fcyle K\u00fcrt Z Ku\u015fa\u011f\u0131: Neye ilgi g\u00f6steriyor, neyi izliyor, siyaseten nerede duruyor?<\/a> &#8211; Gazete Kar\u0131nca<\/li>\n\n\n\n<li><a href=\"https:\/\/ankahaber.net\/haber\/detay\/anket_sonucu_kurt_z_kusaginin_yuzde_648i_yurt_disini_tercih_etti_en_buyuk_sikinti_ekonomi_ve_issizlik_76499#.Yh4BErpQ4zo.twitter\">ANKET SONUCU: K\u00dcRT Z KU\u015eA\u011eININ Y\u00dcZDE 64,8\u2019\u0130 YURT DI\u015eINI TERC\u0130H ETT\u0130. EN B\u00dcY\u00dcK SIKINTI EKONOM\u0130 VE \u0130\u015eS\u0130ZL\u0130K<\/a> &#8211; Anka Haber<\/li>\n\n\n\n<li><a href=\"http:\/\/mezopotamyaajansi35.com\/tum-haberler\/content\/view\/163514\">K\u00fcrt Z ku\u015fa\u011f\u0131 kendini en yak\u0131n HDP\u2019ye hissediyor<\/a> &#8211; Mezopotamya Ajans\u0131<\/li>\n<\/ul>\n","protected":false},"excerpt":{"rendered":"","protected":false},"author":9,"featured_media":0,"parent":0,"menu_order":0,"comment_status":"closed","ping_status":"closed","template":"","meta":{"footnotes":""},"class_list":["post-2443","page","type-page","status-publish","hentry"],"_links":{"self":[{"href":"https:\/\/spectrumhouse.com.tr\/en\/wp-json\/wp\/v2\/pages\/2443","targetHints":{"allow":["GET"]}}],"collection":[{"href":"https:\/\/spectrumhouse.com.tr\/en\/wp-json\/wp\/v2\/pages"}],"about":[{"href":"https:\/\/spectrumhouse.com.tr\/en\/wp-json\/wp\/v2\/types\/page"}],"author":[{"embeddable":true,"href":"https:\/\/spectrumhouse.com.tr\/en\/wp-json\/wp\/v2\/users\/9"}],"replies":[{"embeddable":true,"href":"https:\/\/spectrumhouse.com.tr\/en\/wp-json\/wp\/v2\/comments?post=2443"}],"version-history":[{"count":0,"href":"https:\/\/spectrumhouse.com.tr\/en\/wp-json\/wp\/v2\/pages\/2443\/revisions"}],"wp:attachment":[{"href":"https:\/\/spectrumhouse.com.tr\/en\/wp-json\/wp\/v2\/media?parent=2443"}],"curies":[{"name":"wp","href":"https:\/\/api.w.org\/{rel}","templated":true}]}}