{"id":2340,"date":"2022-03-03T20:02:31","date_gmt":"2022-03-03T20:02:31","guid":{"rendered":"http:\/\/spectrumhouse.com.tr\/?page_id=2340"},"modified":"2022-03-03T20:02:31","modified_gmt":"2022-03-03T20:02:31","slug":"ekiba-me","status":"publish","type":"page","link":"https:\/\/spectrumhouse.com.tr\/en\/ekiba-me\/","title":{"rendered":"Ek\u00eeba me"},"content":{"rendered":"<p>[vc_row][vc_column][ultimate_heading main_heading=&#8221;L\u00caKOL\u00ceNER&#8221; heading_tag=&#8221;h1&#8243; alignment=&#8221;left&#8221;][\/ultimate_heading][apress_accordion gutter_space=&#8221;20&#8243; box_shadow=&#8221;box_shadow_enable:disable|shadow_horizontal:4|shadow_vertical:10|shadow_blur:25|shadow_spread:0|box_shadow_color:rgba(0%2C0%2C0%2C0.2)&#8221; autoplay=&#8221;none&#8221; active_section=&#8221;98&#8243; color_scheme=&#8221;design_your_own&#8221; active_tab_color=&#8221;#1e73be&#8221; active_tab_icon_color=&#8221;#1e73be&#8221; icon_size=&#8221;16&#8243; active_tab_title_color=&#8221;#1e73be&#8221; style=&#8221;accordion_style4&#8243;][vc_tta_section title=&#8221;Do\u00e7. Dr. T\u00dcL\u0130N JOHANSSON &#8211; D\u00eerektora Peywendiy\u00ean Navnetewey\u00ee&#8221; tab_id=&#8221;1669717710164-38705dd5-137c&#8221;][vc_column_text]Lisans\u0131n\u0131 \u0130stanbul Teknik \u00dcniversitesi Mimarl\u0131k B\u00f6l\u00fcm\u00fc\u2019nde, y\u00fcksek lisans\u0131n\u0131 Kentucky \u00dcniversitesi Ekonomi B\u00f6l\u00fcm\u00fc\u2019nde tamamlam\u0131\u015ft\u0131r. Doktora derecesini, 2000 y\u0131l\u0131nda Kentucky \u00dcniversitesi Ziraat Ekonomisi B\u00f6l\u00fcm\u00fc\u2019nden \u00c7evresel Ekonomi alan\u0131nda alm\u0131\u015ft\u0131r. 2005-2019 y\u0131llar\u0131 aras\u0131nda Lasell \u00dcniversitesi Ekonomi B\u00f6l\u00fcm\u00fc\u2019nde \u00f6\u011fretim g\u00f6revlisi olarak \u00e7al\u0131\u015fm\u0131\u015f, do\u00e7ent unvan\u0131 alm\u0131\u015f ve ayn\u0131 \u00fcniversitede yedi y\u0131l boyunca Muhasebe-Ekonomi-Finans B\u00f6l\u00fcm\u00fc ba\u015fkanl\u0131\u011f\u0131 yapm\u0131\u015ft\u0131r. Ayr\u0131ca Northeastern University ve University of Boston, Massachusetts\u2019de dersler vermi\u015ftir. \u00c7evresel Kalite ve Ekonomik Geli\u015fme \u00fczerine makale ve yay\u0131nlar\u0131 bulunmaktad\u0131r. \u015eu s\u0131ralar D\u00f6ng\u00fcsel Ekonomi alan\u0131nda ara\u015ft\u0131rmalar yapmakta ve Vagenigen \u00dcniversitesi \u201cD\u00f6ng\u00fcsel Bio-Ekonomi Politikalar\u0131\u201d MicroMaster program\u0131nda \u00e7al\u0131\u015fmalar\u0131n\u0131 s\u00fcrd\u00fcrmektedir. Spectrum House\u2019a Uluslaras\u0131 \u0130li\u015fkiler Direkt\u00f6r\u00fc olarak 2021 y\u0131l\u0131nda kat\u0131lm\u0131\u015ft\u0131r.[\/vc_column_text][\/vc_tta_section][vc_tta_section title=&#8221;Prof. Dr. NATALYA KETENC\u0130&#8221; tab_id=&#8221;1669717710165-8135a631-bb21&#8243;][vc_column_text]Spectrum House\u2019a konuk ara\u015ft\u0131rmac\u0131 olarak katk\u0131da bulunan Dr. Natalya Ketenci halen Yeditepe \u00dcniversitesi\u2019nde ekonomi profes\u00f6r\u00fc olarak \u00e7al\u0131\u015fmaktad\u0131r. 2022 y\u0131l\u0131ndan bu yana ayn\u0131 zamanda Yeditepe \u00dcniversitesi (MARC-YUVAM) Y\u00f6netim Uygulama ve Ara\u015ft\u0131rma Merkezi\u2019nin direkt\u00f6rl\u00fc\u011f\u00fc g\u00f6revini y\u00fcr\u00fctmektedir. Ekonomi dal\u0131nda Doktora derecesini \u0130ngiltere Reading \u00dcniversitesi\u2019nden alan 2003) Ketenci, Kazak Devlet Ulusal \u00dcniversitesi\u2019nden Matematik dal\u0131nda y\u00fcksek lisans derecesine (1996) sahiptir. Reading \u00dcniversitesi Henley \u0130\u015fletme Okulu Avrupa-Asya \u00c7al\u0131\u015fmalar\u0131 Merkezi \u00fcyesi olan Dr. Ketenci, Avrupa \u0130mar ve Kalk\u0131nma Bankas\u0131\u2019n\u0131n 2001 y\u0131l\u0131 Enerji Ge\u00e7i\u015f Raporu\u2019nun haz\u0131rlanmas\u0131na katk\u0131da bulunmu\u015ftur, Londra (Birle\u015fik Krall\u0131k). \u00c7al\u0131\u015fmalar\u0131 Avrupa Birli\u011fi ve geli\u015fmekte olan \u00fclkelerdeki uluslararas\u0131 ticaret konular\u0131na odaklanmaktad\u0131r. G\u00fcncel ara\u015ft\u0131rmalar\u0131 aras\u0131nda T\u00fcrkiye\u2019deki enerji sorunlar\u0131 ve Avrupa ile ge\u00e7i\u015f \u00fclkeleri aras\u0131nda enerji ba\u011flant\u0131lar\u0131 bulunmaktad\u0131r. Lexington Books taraf\u0131ndan 2021 ve 2019 y\u0131llar\u0131nda yay\u0131nlanan Economics and Politics of Energy in the Middle East and Eastern Europe ve Turkish-Russian Relations: Prospects and Challenges kitaplar\u0131n\u0131n edit\u00f6rlerinden ve yazarlar\u0131ndand\u0131r. Energy, Russian Journal of Economics, Empirical Economics, Economic Modeling, ve Research in Economics dergilerinde makaleleri yay\u0131nlanmaktad\u0131r.[\/vc_column_text][\/vc_tta_section][vc_tta_section title=&#8221;Dr. AY\u015eE SEVENCAN&#8221; tab_id=&#8221;1669718982438-7a2278c7-a550&#8243;][vc_column_text]Lisans\u0131n\u0131 Bilkent \u00dcniversitesi Ekonomi B\u00f6l\u00fcm\u00fc\u2019nde, y\u00fcksek lisans\u0131n\u0131 North Carolina \u00dcniversitesi\u2019nde tamamlad\u0131. Doktora derecesini 2010 y\u0131l\u0131nda, Yeditepe \u00dcniversitesi Ekonomi B\u00f6l\u00fcm\u00fc\u2019nden ald\u0131 ve halen ayn\u0131 b\u00f6l\u00fcmde \u00f6\u011fretim g\u00f6revlisi olarak \u00e7al\u0131\u015f\u0131yor. Ara\u015ft\u0131rmalar\u0131 konular\u0131 aras\u0131nda uygulamal\u0131 makroekonomi, finansal piyasalar, ekonomik b\u00fcy\u00fcme ve geli\u015fmeler, d\u00f6ng\u00fcsel ekonomi bulunmaktad\u0131r.[\/vc_column_text][\/vc_tta_section][\/apress_accordion][\/vc_column][\/vc_row][vc_row][vc_column][vc_column_text]<\/p>\n<p>[\/vc_column_text][\/vc_column][\/vc_row][vc_row][vc_column][ultimate_heading main_heading=&#8221;OF\u00ceS&#8221; heading_tag=&#8221;h1&#8243; alignment=&#8221;left&#8221; main_heading_margin=&#8221;margin-top:40px;&#8221;][\/ultimate_heading][apress_accordion gutter_space=&#8221;20&#8243; box_shadow=&#8221;box_shadow_enable:disable|shadow_horizontal:4|shadow_vertical:10|shadow_blur:25|shadow_spread:0|box_shadow_color:rgba(0%2C0%2C0%2C0.2)&#8221; autoplay=&#8221;none&#8221; active_section=&#8221;98&#8243; color_scheme=&#8221;design_your_own&#8221; active_tab_color=&#8221;#1e73be&#8221; active_tab_icon_color=&#8221;#1e73be&#8221; icon_size=&#8221;16&#8243; active_tab_title_color=&#8221;#1e73be&#8221; style=&#8221;accordion_style4&#8243;][vc_tta_section title=&#8221;HUNAV ALTUN &#8211; Kar\u00fbbar\u00ean Bir\u00eavebirin\u00ea&#8221; tab_id=&#8221;1669719845618-1310fd16-b710&#8243;][vc_column_text]K\u00fctahya Dumlup\u0131nar \u00dcniversitesi Bilgisayarl\u0131 Muhasebe ve vergi uygulama \u00f6n lisans program\u0131ndan mezun olduktan sonra lisans e\u011fitimini Anadolu \u00dcniversitesi \u0130\u015fletme Fak\u00fcltesinde tamamlam\u0131\u015ft\u0131r. 2007-2010 y\u0131llar\u0131 aras\u0131nda \u0130stanbul K\u00fcrt enstit\u00fcs\u00fcnde y\u00f6netici olarak g\u00f6rev yapm\u0131\u015ft\u0131r. Uzun y\u0131llar Ar Yay\u0131nlar\u0131nda \u0130dari \u0130\u015fler sorumlusu olarak \u00e7al\u0131\u015fan Altun 2021 y\u0131l\u0131 itibariyle \u0130dari \u0130\u015fler Direkt\u00f6r\u00fc olarak Spectrum House\u2019a kat\u0131lm\u0131\u015ft\u0131r. Ayr\u0131ca 2007 y\u0131l\u0131ndan beri \u00f6zellikle kad\u0131n haklar\u0131 alan\u0131nda faaliyet y\u00fcr\u00fcten sivil toplum kurulu\u015flar\u0131nda g\u00f6n\u00fcll\u00fc olarak \u00e7al\u0131\u015fmalar y\u00fcr\u00fctmektedir.[\/vc_column_text][\/vc_tta_section][vc_tta_section title=&#8221;DEMET SABUNCUO\u011eLU &#8211; Koord\u00eenatora Qad\u00ea&#8221; tab_id=&#8221;1669719845619-67f077ae-feb0&#8243;][vc_column_text]Lisans e\u011fitimini Ankara \u00dcniversitesi Dil, Tarih, Co\u011frafya Fak\u00fcltesi Klasik Arkeoloji b\u00f6l\u00fcm\u00fcnde tamamlam\u0131\u015ft\u0131r. Lisans e\u011fitimin ard\u0131ndan finans alan\u0131nda \u00e7al\u0131\u015fmaya ba\u015flam\u0131\u015f, 2002-2020 y\u0131llar\u0131 aras\u0131nda \u00f6zel hastanecilik sekt\u00f6r\u00fcnde mali i\u015fler koordinat\u00f6r\u00fc olarak g\u00f6rev yapm\u0131\u015ft\u0131r. 2015 y\u0131l\u0131ndan beri \u00d6zel \u00c7ocuklar ve kad\u0131n haklar\u0131yla ilgili pek \u00e7ok sivil toplum kurulu\u015funda g\u00f6n\u00fcll\u00fc olarak yer alm\u0131\u015ft\u0131r. 2022 y\u0131l\u0131nda Spectrum House\u2019a Mali \u0130\u015fler Koordinat\u00f6r\u00fc olarak kat\u0131lm\u0131\u015ft\u0131r.[\/vc_column_text][\/vc_tta_section][\/apress_accordion][\/vc_column][\/vc_row]<\/p>\n","protected":false},"excerpt":{"rendered":"<p>[vc_row][vc_column][ultimate_heading main_heading=&#8221;L\u00caKOL\u00ceNER&#8221; heading_tag=&#8221;h1&#8243; alignment=&#8221;left&#8221;][\/ultimate_heading][apress_accordion gutter_space=&#8221;20&#8243; box_shadow=&#8221;box_shadow_enable:disable|shadow_horizontal:4|shadow_vertical:10|shadow_blur:25|shadow_spread:0|box_shadow_color:rgba(0%2C0%2C0%2C0.2)&#8221; autoplay=&#8221;none&#8221; active_section=&#8221;98&#8243; color_scheme=&#8221;design_your_own&#8221; active_tab_color=&#8221;#1e73be&#8221; active_tab_icon_color=&#8221;#1e73be&#8221; icon_size=&#8221;16&#8243; active_tab_title_color=&#8221;#1e73be&#8221; style=&#8221;accordion_style4&#8243;][vc_tta_section title=&#8221;Do\u00e7. Dr. T\u00dcL\u0130N JOHANSSON &#8211; D\u00eerektora Peywendiy\u00ean Navnetewey\u00ee&#8221; tab_id=&#8221;1669717710164-38705dd5-137c&#8221;][vc_column_text]Lisans\u0131n\u0131 \u0130stanbul Teknik \u00dcniversitesi Mimarl\u0131k B\u00f6l\u00fcm\u00fc\u2019nde, y\u00fcksek lisans\u0131n\u0131 Kentucky \u00dcniversitesi Ekonomi B\u00f6l\u00fcm\u00fc\u2019nde tamamlam\u0131\u015ft\u0131r. Doktora derecesini, 2000 y\u0131l\u0131nda Kentucky \u00dcniversitesi Ziraat Ekonomisi B\u00f6l\u00fcm\u00fc\u2019nden \u00c7evresel Ekonomi alan\u0131nda alm\u0131\u015ft\u0131r. 2005-2019 y\u0131llar\u0131 aras\u0131nda Lasell \u00dcniversitesi Ekonomi B\u00f6l\u00fcm\u00fc\u2019nde [&hellip;]<\/p>\n","protected":false},"author":9,"featured_media":0,"parent":0,"menu_order":0,"comment_status":"closed","ping_status":"closed","template":"","meta":{"footnotes":""},"class_list":["post-2340","page","type-page","status-publish","hentry"],"_links":{"self":[{"href":"https:\/\/spectrumhouse.com.tr\/en\/wp-json\/wp\/v2\/pages\/2340","targetHints":{"allow":["GET"]}}],"collection":[{"href":"https:\/\/spectrumhouse.com.tr\/en\/wp-json\/wp\/v2\/pages"}],"about":[{"href":"https:\/\/spectrumhouse.com.tr\/en\/wp-json\/wp\/v2\/types\/page"}],"author":[{"embeddable":true,"href":"https:\/\/spectrumhouse.com.tr\/en\/wp-json\/wp\/v2\/users\/9"}],"replies":[{"embeddable":true,"href":"https:\/\/spectrumhouse.com.tr\/en\/wp-json\/wp\/v2\/comments?post=2340"}],"version-history":[{"count":0,"href":"https:\/\/spectrumhouse.com.tr\/en\/wp-json\/wp\/v2\/pages\/2340\/revisions"}],"wp:attachment":[{"href":"https:\/\/spectrumhouse.com.tr\/en\/wp-json\/wp\/v2\/media?parent=2340"}],"curies":[{"name":"wp","href":"https:\/\/api.w.org\/{rel}","templated":true}]}}