{"id":2331,"date":"2022-03-03T19:55:11","date_gmt":"2022-03-03T19:55:11","guid":{"rendered":"http:\/\/spectrumhouse.com.tr\/?page_id=2331"},"modified":"2022-03-03T19:55:11","modified_gmt":"2022-03-03T19:55:11","slug":"derbare-me-de","status":"publish","type":"page","link":"https:\/\/spectrumhouse.com.tr\/en\/derbare-me-de\/","title":{"rendered":"Derbar\u00ea me de"},"content":{"rendered":"<p>[vc_row gap=&#8221;10&#8243; content_placement=&#8221;top&#8221;][vc_column][vc_column_text]<\/p>\n<h3>DERBAR\u00ca ME DE<\/h3>\n<p>Ge\u015fedan\u00ean li her aliy\u00ea c\u00eehan\u00ea \u00fb encam \u00fb rengvedan\u00ean wan, avakirin \u00fb l\u00eager\u00eena stratej\u00ee \u00fb pol\u00eet\u00eekay\u00ean n\u00fb j\u00ee bi xwe re t\u00eene \u00fb xebatan li ser me ferz dike. Her ji ber w\u00ea, \u00eero li dor wan ge\u015fedanan \u00fb di v\u00ea tekamula berdewam de, teoriy\u00ean li ser pergal\u00ea \u00fb manend \u00fb model\u00ean civak\u00ee \u00fb siyas\u00ee j\u00ee t\u00ean genge\u015fekirin. Li ser esas\u00ean v\u00ea rastiy\u00ea, \u00eero t\u00eagehi\u015ftina d\u00eenam\u00eek\u00ean curbicur \u00ean li c\u00eehan\u00ea \u00fb eger \u00fb sedem\u00ean wan, mot\u00eevasyoneke mezin \u00fb p\u00eadiviyeke giring e ji bo me.<\/p>\n<p>Ji bo w\u00ea;<\/p>\n<p>SPECTRUM HOUSE dezgeheke raman\u00ee ye \u00fb di babet\u00ean wek demokras\u00ee, yeksan\u00ee, aram\u00ee \u00fb a\u015ftiya civak\u00ee, abor\u00ee, xwe\u015fguzar\u00ee \u00fb pol\u00eet\u00eekay\u00ean bajarsaz\u00ee \u00fb ekolojiy\u00ea de bi akadem\u00eesyen \u00fb l\u00eakoler\u00ean serbixwe re xebat \u00fb l\u00eakol\u00eenan dike \u00fb p\u00ea\u015fniyaz, anal\u00eez \u00fb raporan amade dike. SPECTRUM HOUSE, hewl dide \u00fb armanc dike ku li ser esas \u00fb norm\u00ean gerd\u00fbn\u00ee, bi xebat \u00fb l\u00eakol\u00een\u00ean xwe, bi perspekt\u00eef \u00fb p\u00ea\u015fniyaz\u00ean xwe, al\u00eekar\u00ee \u00fb kart\u00eak\u00ea bike ji bo sazkirina pol\u00eet\u00eekay\u00ean civakpar\u00eaz \u00fb rasteq\u00eeniya civak\u00ee \u00fb bip\u00ea\u015fxistina yeksaniy\u00ea.<\/p>\n<p>&nbsp;<\/p>\n<h3><strong>XEBAT\u00caN ME<\/strong><\/h3>\n<ul>\n<li>Em li ser mijar\u00ean pol\u00eet\u00eeka, abor\u00ee, civak\u00ee \u00fb ji bo p\u00eakan\u00een \u00fb c\u00eebic\u00eekirina wan pol\u00eet\u00eekayan xebat \u00fb l\u00eakol\u00eenan dikin,<\/li>\n<li>Em \u015f\u00eerove \u00fb anal\u00eez\u00ean projeyan amade dikin \u00fb pi\u015ftgiriya l\u00eakol\u00eenan dikin,<\/li>\n<li>Em ji bo kaseyet \u00fb \u015fexs\u00ean hukm\u00ee, ji bo sazgeh \u00fb dezgeh\u00ean ferm\u00ee, anal\u00eez\u00ean r\u00eesk\u00ea amade dikin, raw\u00eajkariy\u00ea dikin \u00fb raportan amade dikin,<\/li>\n<li>Em ji bo sazgeh \u00fb dezgeh\u00ean siyas\u00ee, abor\u00ee \u00fb civak\u00ee, bulten, p\u00ea\u015fniyaz, rapor \u00fb raw\u00eajkariy\u00ea dikin.<\/li>\n<\/ul>\n<p>[\/vc_column_text][\/vc_column][\/vc_row]<\/p>\n","protected":false},"excerpt":{"rendered":"<p>[vc_row gap=&#8221;10&#8243; content_placement=&#8221;top&#8221;][vc_column][vc_column_text] DERBAR\u00ca ME DE Ge\u015fedan\u00ean li her aliy\u00ea c\u00eehan\u00ea \u00fb encam \u00fb rengvedan\u00ean wan, avakirin \u00fb l\u00eager\u00eena stratej\u00ee \u00fb pol\u00eet\u00eekay\u00ean n\u00fb j\u00ee bi xwe re t\u00eene \u00fb xebatan li ser me ferz dike. Her ji ber w\u00ea, \u00eero li dor wan ge\u015fedanan \u00fb di v\u00ea tekamula berdewam de, teoriy\u00ean li ser pergal\u00ea \u00fb [&hellip;]<\/p>\n","protected":false},"author":9,"featured_media":0,"parent":0,"menu_order":0,"comment_status":"closed","ping_status":"closed","template":"","meta":{"footnotes":""},"class_list":["post-2331","page","type-page","status-publish","hentry"],"_links":{"self":[{"href":"https:\/\/spectrumhouse.com.tr\/en\/wp-json\/wp\/v2\/pages\/2331","targetHints":{"allow":["GET"]}}],"collection":[{"href":"https:\/\/spectrumhouse.com.tr\/en\/wp-json\/wp\/v2\/pages"}],"about":[{"href":"https:\/\/spectrumhouse.com.tr\/en\/wp-json\/wp\/v2\/types\/page"}],"author":[{"embeddable":true,"href":"https:\/\/spectrumhouse.com.tr\/en\/wp-json\/wp\/v2\/users\/9"}],"replies":[{"embeddable":true,"href":"https:\/\/spectrumhouse.com.tr\/en\/wp-json\/wp\/v2\/comments?post=2331"}],"version-history":[{"count":0,"href":"https:\/\/spectrumhouse.com.tr\/en\/wp-json\/wp\/v2\/pages\/2331\/revisions"}],"wp:attachment":[{"href":"https:\/\/spectrumhouse.com.tr\/en\/wp-json\/wp\/v2\/media?parent=2331"}],"curies":[{"name":"wp","href":"https:\/\/api.w.org\/{rel}","templated":true}]}}