{"id":1881,"date":"2021-09-21T20:53:53","date_gmt":"2021-09-21T20:53:53","guid":{"rendered":"http:\/\/spectrumhouse.com.tr\/?page_id=1881"},"modified":"2021-09-21T20:53:53","modified_gmt":"2021-09-21T20:53:53","slug":"contact","status":"publish","type":"page","link":"https:\/\/spectrumhouse.com.tr\/en\/contact\/","title":{"rendered":"Contact"},"content":{"rendered":"<p>[vc_row css=&#8221;.vc_custom_1474113519407{padding-top: 50px !important;padding-bottom: 50px !important;}&#8221;][vc_column width=&#8221;1\/3&#8243;][ultimate_heading main_heading=&#8221;CONTACT&#8221; heading_tag=&#8221;h3&#8243; alignment=&#8221;left&#8221; main_heading_margin=&#8221;margin-bottom:15px;&#8221;][\/ultimate_heading][vc_column_text css=&#8221;.vc_custom_1628156481015{margin-bottom: 10px !important;padding-bottom: 10px !important;}&#8221;]<\/p>\n<div id=\"zolo_gradient_icon_615078110610bb0197564a\" class=\"zolo_gradient_icon_box_element zolo_gradient_icon_iconbox_style1 zolo_gradient_icon_alignment_center noanimation \" data-animation=\"No Animation\" data-delay=\"500\">\n<div class=\"zolo_gradient_iconbox_content_wrap\" style=\"text-align: left\"><span class=\"zolo_gradient_icon_description\">Ko\u015fuyolu Mah, Salih Omurtak Sk. No.36, 34718 Kad\u0131k\u00f6y\/\u0130stanbul<\/span><\/div>\n<\/div>\n<div id=\"zolo_gradient_icon_878124209610bb01976afd\" class=\"zolo_gradient_icon_box_element zolo_gradient_icon_iconbox_style1 zolo_gradient_icon_alignment_center noanimation \" style=\"text-align: left\" data-animation=\"No Animation\" data-delay=\"500\">\n<div class=\"zolo_gradient_icon_wrap\">\n<div class=\"zolo_gradient_icon\"><\/div>\n<\/div>\n<div class=\"zolo_gradient_iconbox_content_wrap\"><span class=\"zolo_gradient_icon_description\">+90 533 363 41 38<\/span><\/div>\n<\/div>\n<div id=\"zolo_gradient_icon_525610359610bb019777f7\" class=\"zolo_gradient_icon_box_element zolo_gradient_icon_iconbox_style1 zolo_gradient_icon_alignment_center noanimation \" data-animation=\"No Animation\" data-delay=\"500\">\n<div class=\"zolo_gradient_icon_wrap\" style=\"text-align: left\">\n<div class=\"zolo_gradient_icon\"><\/div>\n<\/div>\n<div class=\"zolo_gradient_iconbox_content_wrap\" style=\"text-align: left\"><span class=\"zolo_gradient_icon_description\">info@spectrumhouse.com.tr<\/span><\/div>\n<\/div>\n<div style=\"text-align: left\"><\/div>\n<div><\/div>\n<p>[\/vc_column_text][apress_spacer height=&#8221;&#8221; height_on_mob_landscape=&#8221;10&#8243;][ultimate_spacer height=&#8221;20&#8243; height_on_tabs=&#8221;20&#8243; height_on_tabs_portrait=&#8221;20&#8243; height_on_mob_landscape=&#8221;20&#8243; height_on_mob=&#8221;20&#8243;][apress_sociallinks socialicon_style=&#8221;color&#8221; socialicon_design=&#8221;round&#8221; socialicon_facebook=&#8221;https:\/\/www.facebook.com\/Spectrum-HOUSE-TR-102782862364637&#8243; socialicon_twitter=&#8221;https:\/\/twitter.com\/SpectrumHouseTR&#8221; socialicon_instagram=&#8221;https:\/\/www.instagram.com\/spectrumhousetr&#8221; socialicon_linkedin=&#8221;https:\/\/www.linkedin.com\/in\/spectrum-house-9aa537212\/&#8221;][\/vc_column][vc_column width=&#8221;2\/3&#8243;][ultimate_spacer height=&#8221;10&#8243;][vc_gmaps link=&#8221;#E-8_JTNDaWZyYW1lJTIwc3JjJTNEJTIyaHR0cHMlM0ElMkYlMkZ3d3cuZ29vZ2xlLmNvbSUyRm1hcHMlMkZlbWJlZCUzRnBiJTNEJTIxMW0xOCUyMTFtMTIlMjExbTMlMjExZDg1OC4xMjQ2NjIxNDcyNTkyJTIxMmQyOS4wMzg5MjYxNTU0ODU3NSUyMTNkNDEuMDEwMjM3MjkxMDkzMzElMjEybTMlMjExZjAlMjEyZjAlMjEzZjAlMjEzbTIlMjExaTEwMjQlMjEyaTc2OCUyMTRmMTMuMSUyMTNtMyUyMTFtMiUyMTFzMHgxNGNhYjlhMzUzODY4MTZiJTI1M0EweGUyZGM4NjlhOGMwNjBkNzYlMjEyc1NwZWN0cnVtJTI1MjBIb3VzZSUyMTVlMCUyMTNtMiUyMTFzdHIlMjEyc3RyJTIxNHYxNjI4MTU1Mzc1OTE4JTIxNW0yJTIxMXN0ciUyMTJzdHIlMjIlMjB3aWR0aCUzRCUyMjYwMCUyMiUyMGhlaWdodCUzRCUyMjQ1MCUyMiUyMHN0eWxlJTNEJTIyYm9yZGVyJTNBMCUzQiUyMiUyMGFsbG93ZnVsbHNjcmVlbiUzRCUyMiUyMiUyMGxvYWRpbmclM0QlMjJsYXp5JTIyJTNFJTNDJTJGaWZyYW1lJTNF&#8221;][ultimate_spacer height=&#8221;10&#8243;][ultimate_heading alignment=&#8221;left&#8221; main_heading_margin=&#8221;margin-bottom:38px;&#8221; sub_heading_font_size=&#8221;desktop:14px;&#8221; sub_heading_line_height=&#8221;desktop:25px;&#8221;][contact-form-7 id=&#8221;1884&#8243; title=&#8221;Contact form EN&#8221;][\/ultimate_heading][\/vc_column][\/vc_row]<\/p>\n","protected":false},"excerpt":{"rendered":"<p>[vc_row css=&#8221;.vc_custom_1474113519407{padding-top: 50px !important;padding-bottom: 50px !important;}&#8221;][vc_column width=&#8221;1\/3&#8243;][ultimate_heading main_heading=&#8221;CONTACT&#8221; heading_tag=&#8221;h3&#8243; alignment=&#8221;left&#8221; main_heading_margin=&#8221;margin-bottom:15px;&#8221;][\/ultimate_heading][vc_column_text css=&#8221;.vc_custom_1628156481015{margin-bottom: 10px !important;padding-bottom: 10px !important;}&#8221;] Ko\u015fuyolu Mah, Salih Omurtak Sk. No.36, 34718 Kad\u0131k\u00f6y\/\u0130stanbul +90 533 363 41 38 info@spectrumhouse.com.tr [\/vc_column_text][apress_spacer height=&#8221;&#8221; height_on_mob_landscape=&#8221;10&#8243;][ultimate_spacer height=&#8221;20&#8243; height_on_tabs=&#8221;20&#8243; height_on_tabs_portrait=&#8221;20&#8243; height_on_mob_landscape=&#8221;20&#8243; height_on_mob=&#8221;20&#8243;][apress_sociallinks socialicon_style=&#8221;color&#8221; socialicon_design=&#8221;round&#8221; socialicon_facebook=&#8221;https:\/\/www.facebook.com\/Spectrum-HOUSE-TR-102782862364637&#8243; socialicon_twitter=&#8221;https:\/\/twitter.com\/SpectrumHouseTR&#8221; socialicon_instagram=&#8221;https:\/\/www.instagram.com\/spectrumhousetr&#8221; socialicon_linkedin=&#8221;https:\/\/www.linkedin.com\/in\/spectrum-house-9aa537212\/&#8221;][\/vc_column][vc_column width=&#8221;2\/3&#8243;][ultimate_spacer height=&#8221;10&#8243;][vc_gmaps link=&#8221;#E-8_JTNDaWZyYW1lJTIwc3JjJTNEJTIyaHR0cHMlM0ElMkYlMkZ3d3cuZ29vZ2xlLmNvbSUyRm1hcHMlMkZlbWJlZCUzRnBiJTNEJTIxMW0xOCUyMTFtMTIlMjExbTMlMjExZDg1OC4xMjQ2NjIxNDcyNTkyJTIxMmQyOS4wMzg5MjYxNTU0ODU3NSUyMTNkNDEuMDEwMjM3MjkxMDkzMzElMjEybTMlMjExZjAlMjEyZjAlMjEzZjAlMjEzbTIlMjExaTEwMjQlMjEyaTc2OCUyMTRmMTMuMSUyMTNtMyUyMTFtMiUyMTFzMHgxNGNhYjlhMzUzODY4MTZiJTI1M0EweGUyZGM4NjlhOGMwNjBkNzYlMjEyc1NwZWN0cnVtJTI1MjBIb3VzZSUyMTVlMCUyMTNtMiUyMTFzdHIlMjEyc3RyJTIxNHYxNjI4MTU1Mzc1OTE4JTIxNW0yJTIxMXN0ciUyMTJzdHIlMjIlMjB3aWR0aCUzRCUyMjYwMCUyMiUyMGhlaWdodCUzRCUyMjQ1MCUyMiUyMHN0eWxlJTNEJTIyYm9yZGVyJTNBMCUzQiUyMiUyMGFsbG93ZnVsbHNjcmVlbiUzRCUyMiUyMiUyMGxvYWRpbmclM0QlMjJsYXp5JTIyJTNFJTNDJTJGaWZyYW1lJTNF&#8221;][ultimate_spacer height=&#8221;10&#8243;][ultimate_heading alignment=&#8221;left&#8221; main_heading_margin=&#8221;margin-bottom:38px;&#8221; sub_heading_font_size=&#8221;desktop:14px;&#8221; sub_heading_line_height=&#8221;desktop:25px;&#8221;][contact-form-7 id=&#8221;1884&#8243; title=&#8221;Contact form [&hellip;]<\/p>\n","protected":false},"author":9,"featured_media":0,"parent":0,"menu_order":0,"comment_status":"closed","ping_status":"closed","template":"","meta":{"footnotes":""},"class_list":["post-1881","page","type-page","status-publish","hentry"],"_links":{"self":[{"href":"https:\/\/spectrumhouse.com.tr\/en\/wp-json\/wp\/v2\/pages\/1881","targetHints":{"allow":["GET"]}}],"collection":[{"href":"https:\/\/spectrumhouse.com.tr\/en\/wp-json\/wp\/v2\/pages"}],"about":[{"href":"https:\/\/spectrumhouse.com.tr\/en\/wp-json\/wp\/v2\/types\/page"}],"author":[{"embeddable":true,"href":"https:\/\/spectrumhouse.com.tr\/en\/wp-json\/wp\/v2\/users\/9"}],"replies":[{"embeddable":true,"href":"https:\/\/spectrumhouse.com.tr\/en\/wp-json\/wp\/v2\/comments?post=1881"}],"version-history":[{"count":0,"href":"https:\/\/spectrumhouse.com.tr\/en\/wp-json\/wp\/v2\/pages\/1881\/revisions"}],"wp:attachment":[{"href":"https:\/\/spectrumhouse.com.tr\/en\/wp-json\/wp\/v2\/media?parent=1881"}],"curies":[{"name":"wp","href":"https:\/\/api.w.org\/{rel}","templated":true}]}}