{"id":1872,"date":"2021-09-21T20:39:23","date_gmt":"2021-09-21T20:39:23","guid":{"rendered":"http:\/\/spectrumhouse.com.tr\/?page_id=1872"},"modified":"2021-09-21T20:39:23","modified_gmt":"2021-09-21T20:39:23","slug":"team","status":"publish","type":"page","link":"https:\/\/spectrumhouse.com.tr\/en\/team\/","title":{"rendered":"Team"},"content":{"rendered":"<p>[vc_row][vc_column][ultimate_heading main_heading=&#8221;RESEARCHERS&#8221; heading_tag=&#8221;h1&#8243; alignment=&#8221;left&#8221; main_heading_margin=&#8221;margin-bottom:15px;&#8221;][\/ultimate_heading][apress_accordion gutter_space=&#8221;20&#8243; box_shadow=&#8221;box_shadow_enable:disable|shadow_horizontal:4|shadow_vertical:10|shadow_blur:25|shadow_spread:0|box_shadow_color:rgba(0%2C0%2C0%2C0.2)&#8221; autoplay=&#8221;none&#8221; active_section=&#8221;98&#8243; color_scheme=&#8221;design_your_own&#8221; active_tab_color=&#8221;#1e73be&#8221; active_tab_icon_color=&#8221;#1e73be&#8221; icon_size=&#8221;16&#8243; active_tab_title_color=&#8221;#1e73be&#8221; style=&#8221;accordion_style4&#8243;][vc_tta_section title=&#8221;Dr. AZAD BARI\u015e &#8211; Executive Director&#8221; tab_id=&#8221;1698067649180-69a6c35a-221f&#8221;][vc_column_text]<span lang=\"EN-GB\">Azad is the Executive Director at Spectrum House. Bar\u0131\u015f received his Bachelor and M.A degrees in Sociology from Hamburg University. He received his Ph.D in Philosophy from Leuphana L\u00fcneburg University and Ruhr Bochum University. He worked as Research Assistant at Hamburg University in the Faculty of Political Sciences and Economics. He participated the research projects o<\/span><span lang=\"EN-US\">n Neoliberal World Order and Sociological Participation and Urban Sociology at the same university. He held lecturer position at Leuphana University of L\u00fcneburg and taught Intercultural Communication and Immigration.\u00a0<\/span><span lang=\"EN\">Since 1998, he took part in many projects related to minorities, especially Yezidis, and has conducted many studies on cultural anthropological and religious origins related to minorities. He continues his studies in the field of social sciences, especially in the theories of intra-European integration, neoliberalism and socialization.<\/span>[\/vc_column_text][\/vc_tta_section][vc_tta_section title=&#8221;Do\u00e7. Dr. T\u00dcL\u0130N JOHANSSON &#8211; Global Managing Director&#8221; tab_id=&#8221;1669717710164-38705dd5-137c&#8221;][vc_column_text]Tulin Johansson is the Global Managing Director at Spectrum House, Istanbul. Prior to joining the Spectrum House, Tulin Johansson served as an Associate Professor of Economics at Lasell University between 2005-2019. She also served as a chair of Accounting\/Finance\/Economics department for seven years at Lasell University. In addition, Tulin Johansson held lecturer positions at Northeastern University and University of Boston, Massachusetts. She has published and presented articles on Environmental Quality and Economic Development. Her current scholarly interest lies on the Circular Economy and she is currently studying \u201cEconomics and Policies for a Circular Bio-Economy\u201d MicroMaster program at Vageningen University. Tulin Johansson received her Ph.D in Agricultural Economics, specializing in Environmental Economics from University of Kentucky in 2000, with her dissertation on the Interactions between Economic Development and Environmental Quality: A county level analysis. She received her Master of Science degree in Economics also from University of Kentucky and her Bachelor degree in Architecture from Istanbul Technical University.[\/vc_column_text][\/vc_tta_section][vc_tta_section title=&#8221;Prof. Dr. NATALYA KETENC\u0130&#8221; tab_id=&#8221;1669717710165-8135a631-bb21&#8243;][vc_column_text]Natalya Ketenci is a Professor in Economics at Yeditepe University, Turkey, where she has been employed for the past 17 years. Since 2022, she is the director of the Management Application and Research Center at Yeditepe University (MARC-YUVAM). She received her Ph.D. degree in Economics from the University of Reading, UK (2003) and an MSc in Mathematics from the Kazak State National University (1996). At the same time, she is a member of the Centre for Euro-Asian Studies at the University of Reading\u2019s Henley Business School. Dr. Ketenci was assisting in the preparation of the Transition report 2001: Energy in transition in the European Bank for Reconstruction and Development, London (UK). Her works have been focused on international trade issues in the European Union and emerging countries. Her current research has a focus on energy issues in Turkey and on energy links between European and transition countries. She is one of the editors and authors of Economics and Politics of Energy in the Middle East and Eastern Europe and Turkish-Russian Relations: Prospects and Challenges books published by Lexington Books in 2021 and 2019. Her publications include contributions to such journals as Energy, Russian Journal of Economics, Empirical Economics, Economic Modeling, and Research in Economics.[\/vc_column_text][\/vc_tta_section][vc_tta_section title=&#8221;Dr. AY\u015eE SEVENCAN&#8221; tab_id=&#8221;1669718982438-7a2278c7-a550&#8243;][vc_column_text]Ay\u015fe Sevencan received her Ph.D in Economics from Yeditepe University and still working as an assistant professor of Economics at Yeditepe University. She received her Master of Science degree in Economics also from University of North Carolina and her Bachelor degree in Economics from Bilkent University. . She has published and presented articles on Macroeconomics, Money &amp; Capital Markets, Energy Dependence and Economic Growth. Her current scholarly interest lies on the Circular Economy.[\/vc_column_text][\/vc_tta_section][\/apress_accordion][\/vc_column][\/vc_row][vc_row][vc_column][vc_column_text]<\/p>\n<p>[\/vc_column_text][\/vc_column][\/vc_row][vc_row][vc_column][ultimate_heading main_heading=&#8221;OFFICE&#8221; heading_tag=&#8221;h1&#8243; alignment=&#8221;left&#8221; main_heading_margin=&#8221;margin-top:40px;margin-bottom:15px;&#8221;][\/ultimate_heading][apress_accordion gutter_space=&#8221;20&#8243; box_shadow=&#8221;box_shadow_enable:disable|shadow_horizontal:4|shadow_vertical:10|shadow_blur:25|shadow_spread:0|box_shadow_color:rgba(0%2C0%2C0%2C0.2)&#8221; autoplay=&#8221;none&#8221; active_section=&#8221;98&#8243; color_scheme=&#8221;design_your_own&#8221; active_tab_color=&#8221;#1e73be&#8221; active_tab_icon_color=&#8221;#1e73be&#8221; icon_size=&#8221;16&#8243; active_tab_title_color=&#8221;#1e73be&#8221; style=&#8221;accordion_style4&#8243;][vc_tta_section title=&#8221;HUNAV ALTUN &#8211; \u0130dari \u0130\u015fler&#8221; tab_id=&#8221;1669719845618-1310fd16-b710&#8243;][vc_column_text]K\u00fctahya Dumlup\u0131nar \u00dcniversitesi Bilgisayarl\u0131 Muhasebe ve vergi uygulama \u00f6n lisans program\u0131ndan mezun olduktan sonra lisans e\u011fitimini Anadolu \u00dcniversitesi \u0130\u015fletme Fak\u00fcltesinde tamamlam\u0131\u015ft\u0131r. 2007-2010 y\u0131llar\u0131 aras\u0131nda \u0130stanbul K\u00fcrt enstit\u00fcs\u00fcnde y\u00f6netici olarak g\u00f6rev yapm\u0131\u015ft\u0131r. Uzun y\u0131llar Ar Yay\u0131nlar\u0131nda \u0130dari \u0130\u015fler sorumlusu olarak \u00e7al\u0131\u015fan Altun 2021 y\u0131l\u0131 itibariyle \u0130dari \u0130\u015fler Direkt\u00f6r\u00fc olarak Spectrum House\u2019a kat\u0131lm\u0131\u015ft\u0131r. Ayr\u0131ca 2007 y\u0131l\u0131ndan beri \u00f6zellikle kad\u0131n haklar\u0131 alan\u0131nda faaliyet y\u00fcr\u00fcten sivil toplum kurulu\u015flar\u0131nda g\u00f6n\u00fcll\u00fc olarak \u00e7al\u0131\u015fmalar y\u00fcr\u00fctmektedir.[\/vc_column_text][\/vc_tta_section][vc_tta_section title=&#8221;DEMET SABUNCUO\u011eLU &#8211; Saha Koordinat\u00f6r\u00fc&#8221; tab_id=&#8221;1669719845619-67f077ae-feb0&#8243;][vc_column_text]Lisans e\u011fitimini Ankara \u00dcniversitesi Dil, Tarih, Co\u011frafya Fak\u00fcltesi Klasik Arkeoloji b\u00f6l\u00fcm\u00fcnde tamamlam\u0131\u015ft\u0131r. Lisans e\u011fitimin ard\u0131ndan finans alan\u0131nda \u00e7al\u0131\u015fmaya ba\u015flam\u0131\u015f, 2002-2020 y\u0131llar\u0131 aras\u0131nda \u00f6zel hastanecilik sekt\u00f6r\u00fcnde mali i\u015fler koordinat\u00f6r\u00fc olarak g\u00f6rev yapm\u0131\u015ft\u0131r. 2015 y\u0131l\u0131ndan beri \u00d6zel \u00c7ocuklar ve kad\u0131n haklar\u0131yla ilgili pek \u00e7ok sivil toplum kurulu\u015funda g\u00f6n\u00fcll\u00fc olarak yer alm\u0131\u015ft\u0131r. 2022 y\u0131l\u0131nda Spectrum House\u2019a Mali \u0130\u015fler Koordinat\u00f6r\u00fc olarak kat\u0131lm\u0131\u015ft\u0131r.[\/vc_column_text][\/vc_tta_section][\/apress_accordion][\/vc_column][\/vc_row]<\/p>\n","protected":false},"excerpt":{"rendered":"<p>[vc_row][vc_column][ultimate_heading main_heading=&#8221;RESEARCHERS&#8221; heading_tag=&#8221;h1&#8243; alignment=&#8221;left&#8221; main_heading_margin=&#8221;margin-bottom:15px;&#8221;][\/ultimate_heading][apress_accordion gutter_space=&#8221;20&#8243; box_shadow=&#8221;box_shadow_enable:disable|shadow_horizontal:4|shadow_vertical:10|shadow_blur:25|shadow_spread:0|box_shadow_color:rgba(0%2C0%2C0%2C0.2)&#8221; autoplay=&#8221;none&#8221; active_section=&#8221;98&#8243; color_scheme=&#8221;design_your_own&#8221; active_tab_color=&#8221;#1e73be&#8221; active_tab_icon_color=&#8221;#1e73be&#8221; icon_size=&#8221;16&#8243; active_tab_title_color=&#8221;#1e73be&#8221; style=&#8221;accordion_style4&#8243;][vc_tta_section title=&#8221;Dr. AZAD BARI\u015e &#8211; Executive Director&#8221; tab_id=&#8221;1698067649180-69a6c35a-221f&#8221;][vc_column_text]Azad is the Executive Director at Spectrum House. Bar\u0131\u015f received his Bachelor and M.A degrees in Sociology from Hamburg University. He received his Ph.D in Philosophy from Leuphana L\u00fcneburg University and Ruhr Bochum University. [&hellip;]<\/p>\n","protected":false},"author":9,"featured_media":0,"parent":0,"menu_order":0,"comment_status":"closed","ping_status":"closed","template":"","meta":{"footnotes":""},"class_list":["post-1872","page","type-page","status-publish","hentry"],"_links":{"self":[{"href":"https:\/\/spectrumhouse.com.tr\/en\/wp-json\/wp\/v2\/pages\/1872","targetHints":{"allow":["GET"]}}],"collection":[{"href":"https:\/\/spectrumhouse.com.tr\/en\/wp-json\/wp\/v2\/pages"}],"about":[{"href":"https:\/\/spectrumhouse.com.tr\/en\/wp-json\/wp\/v2\/types\/page"}],"author":[{"embeddable":true,"href":"https:\/\/spectrumhouse.com.tr\/en\/wp-json\/wp\/v2\/users\/9"}],"replies":[{"embeddable":true,"href":"https:\/\/spectrumhouse.com.tr\/en\/wp-json\/wp\/v2\/comments?post=1872"}],"version-history":[{"count":0,"href":"https:\/\/spectrumhouse.com.tr\/en\/wp-json\/wp\/v2\/pages\/1872\/revisions"}],"wp:attachment":[{"href":"https:\/\/spectrumhouse.com.tr\/en\/wp-json\/wp\/v2\/media?parent=1872"}],"curies":[{"name":"wp","href":"https:\/\/api.w.org\/{rel}","templated":true}]}}