{"id":1420,"date":"2017-10-11T05:55:25","date_gmt":"2017-10-11T05:55:25","guid":{"rendered":"http:\/\/apressthemes.com\/demo35\/?page_id=1420"},"modified":"2017-10-11T05:55:25","modified_gmt":"2017-10-11T05:55:25","slug":"iletisim","status":"publish","type":"page","link":"https:\/\/spectrumhouse.com.tr\/en\/iletisim\/","title":{"rendered":"\u0130leti\u015fim"},"content":{"rendered":"\t\t<div data-elementor-type=\"wp-page\" data-elementor-id=\"1420\" class=\"elementor elementor-1420\">\n\t\t\t\t<div class=\"elementor-element elementor-element-e9ab359 e-flex e-con-boxed e-con e-parent\" data-id=\"e9ab359\" data-element_type=\"container\">\n\t\t\t\t\t<div class=\"e-con-inner\">\n\t\t\t\t<div class=\"elementor-element elementor-element-c4df3d8 elementor-widget elementor-widget-ronse_contact\" data-id=\"c4df3d8\" data-element_type=\"widget\" data-widget_type=\"ronse_contact.default\">\n\t\t\t\t<div class=\"elementor-widget-container\">\n\t\t\t\t\t                <div class=\"row\">\n                            <div class=\"iletisim-bilgisi mb-3 col-md-6 col-lg-6 col-12\">\n                    <div class=\"iletisim-ikon\">\n                        <i class=\"fa fa-map-pin\"><\/i>\n                    <\/div>\n                    <div class=\"iletisim-bilgileri-alani\">\n                        <h6 class=\"iletisim-baslik mb-1\">Adres<\/h6>\n                        <span class=\"iletisim-deger\"> <a href=\"#\">Ko\u015fuyolu, Salih Omurtak Sk. No:36, 34718 Kad\u0131k\u00f6y\/\u0130stanbul<\/a><\/span>\n                    <\/div>\n                <\/div>\n                            <div class=\"iletisim-bilgisi mb-3 col-md-6 col-lg-6 col-12\">\n                    <div class=\"iletisim-ikon\">\n                        <i class=\"fa fa-volume-control-phone\"><\/i>\n                    <\/div>\n                    <div class=\"iletisim-bilgileri-alani\">\n                        <h6 class=\"iletisim-baslik mb-1\">Telefon<\/h6>\n                        <span class=\"iletisim-deger\"> <a href=\"#\">+90541 525 85 75<\/a><\/span>\n                    <\/div>\n                <\/div>\n                            <div class=\"iletisim-bilgisi mb-3 col-md-6 col-lg-6 col-12\">\n                    <div class=\"iletisim-ikon\">\n                        <i class=\"fa fa-volume-control-phone\"><\/i>\n                    <\/div>\n                    <div class=\"iletisim-bilgileri-alani\">\n                        <h6 class=\"iletisim-baslik mb-1\">Telefon<\/h6>\n                        <span class=\"iletisim-deger\"> <a href=\"#\">+90554 693 66 89<\/a><\/span>\n                    <\/div>\n                <\/div>\n                            <div class=\"iletisim-bilgisi mb-3 col-md-6 col-lg-6 col-12\">\n                    <div class=\"iletisim-ikon\">\n                        <i class=\"fa fa-envelope-o\"><\/i>\n                    <\/div>\n                    <div class=\"iletisim-bilgileri-alani\">\n                        <h6 class=\"iletisim-baslik mb-1\">E-Mail<\/h6>\n                        <span class=\"iletisim-deger\"> <a href=\"#\">spectrumhousetr@gmail.com<\/a><\/span>\n                    <\/div>\n                <\/div>\n                            <div class=\"iletisim-bilgisi mb-3 col-md-6 col-lg-6 col-12\">\n                    <div class=\"iletisim-ikon\">\n                        <i class=\"fa fa-envelope-o\"><\/i>\n                    <\/div>\n                    <div class=\"iletisim-bilgileri-alani\">\n                        <h6 class=\"iletisim-baslik mb-1\">E-Mail<\/h6>\n                        <span class=\"iletisim-deger\"> <a href=\"#\">info@spectrumhouse.com.tr<\/a><\/span>\n                    <\/div>\n                <\/div>\n                    <\/div>\n        \t\t\t\t<\/div>\n\t\t\t\t<\/div>\n\t\t\t\t\t<\/div>\n\t\t\t\t<\/div>\n\t\t<div class=\"elementor-element elementor-element-a22c28c e-flex e-con-boxed e-con e-parent\" data-id=\"a22c28c\" data-element_type=\"container\">\n\t\t\t\t\t<div class=\"e-con-inner\">\n\t\t\t\t<div class=\"elementor-element elementor-element-b726208 elementor-widget elementor-widget-html\" data-id=\"b726208\" data-element_type=\"widget\" data-widget_type=\"html.default\">\n\t\t\t\t<div class=\"elementor-widget-container\">\n\t\t\t\t\t<iframe src=\"https:\/\/www.google.com\/maps\/embed?pb=!1m18!1m12!1m3!1d3175570.7753545474!2d32.19599388373505!3d38.989224942716845!2m3!1f0!2f0!3f0!3m2!1i1024!2i768!4f13.1!3m3!1m2!1s0x14cab9a35386816b%3A0xe2dc869a8c060d76!2sSpectrum%20House!5e0!3m2!1str!2str!4v1725371317186!5m2!1str!2str\" width=\"600\" height=\"450\" style=\"border:0;\" allowfullscreen=\"\" loading=\"lazy\" referrerpolicy=\"no-referrer-when-downgrade\"><\/iframe>\t\t\t\t<\/div>\n\t\t\t\t<\/div>\n\t\t\t\t\t<\/div>\n\t\t\t\t<\/div>\n\t\t\t\t<\/div>\n\t\t","protected":false},"excerpt":{"rendered":"<p>[vc_row css=&#8221;.vc_custom_1474113519407{padding-top: 50px !important;padding-bottom: 50px !important;}&#8221;][vc_column width=&#8221;1\/3&#8243;][ultimate_heading main_heading=&#8221;\u0130LET\u0130\u015e\u0130M&#8221; heading_tag=&#8221;h3&#8243; alignment=&#8221;left&#8221; main_heading_margin=&#8221;margin-bottom:15px;&#8221;][\/ultimate_heading][vc_column_text css=&#8221;.vc_custom_1628156481015{margin-bottom: 10px !important;padding-bottom: 10px !important;}&#8221;] Ko\u015fuyolu Mah, Salih Omurtak Sk. No.36, 34718 Kad\u0131k\u00f6y\/\u0130stanbul +90 533 363 41 38 info@spectrumhouse.com.tr [\/vc_column_text][apress_spacer height=&#8221;&#8221; height_on_mob_landscape=&#8221;10&#8243;][ultimate_spacer height=&#8221;20&#8243; height_on_tabs=&#8221;20&#8243; height_on_tabs_portrait=&#8221;20&#8243; height_on_mob_landscape=&#8221;20&#8243; height_on_mob=&#8221;20&#8243;][apress_sociallinks socialicon_style=&#8221;color&#8221; socialicon_design=&#8221;round&#8221; socialicon_facebook=&#8221;https:\/\/www.facebook.com\/Spectrum-HOUSE-TR-102782862364637&#8243; socialicon_twitter=&#8221;https:\/\/twitter.com\/SpectrumHouseTR&#8221; socialicon_instagram=&#8221;https:\/\/www.instagram.com\/spectrumhousetr\/&#8221; socialicon_linkedin=&#8221;https:\/\/www.linkedin.com\/in\/spectrum-house-9aa537212\/&#8221;][\/vc_column][vc_column width=&#8221;2\/3&#8243;][ultimate_spacer height=&#8221;10&#8243;][vc_gmaps link=&#8221;#E-8_JTNDaWZyYW1lJTIwc3JjJTNEJTIyaHR0cHMlM0ElMkYlMkZ3d3cuZ29vZ2xlLmNvbSUyRm1hcHMlMkZlbWJlZCUzRnBiJTNEJTIxMW0xOCUyMTFtMTIlMjExbTMlMjExZDg1OC4xMjQ2NjIxNDcyNTkyJTIxMmQyOS4wMzg5MjYxNTU0ODU3NSUyMTNkNDEuMDEwMjM3MjkxMDkzMzElMjEybTMlMjExZjAlMjEyZjAlMjEzZjAlMjEzbTIlMjExaTEwMjQlMjEyaTc2OCUyMTRmMTMuMSUyMTNtMyUyMTFtMiUyMTFzMHgxNGNhYjlhMzUzODY4MTZiJTI1M0EweGUyZGM4NjlhOGMwNjBkNzYlMjEyc1NwZWN0cnVtJTI1MjBIb3VzZSUyMTVlMCUyMTNtMiUyMTFzdHIlMjEyc3RyJTIxNHYxNjI4MTU1Mzc1OTE4JTIxNW0yJTIxMXN0ciUyMTJzdHIlMjIlMjB3aWR0aCUzRCUyMjYwMCUyMiUyMGhlaWdodCUzRCUyMjQ1MCUyMiUyMHN0eWxlJTNEJTIyYm9yZGVyJTNBMCUzQiUyMiUyMGFsbG93ZnVsbHNjcmVlbiUzRCUyMiUyMiUyMGxvYWRpbmclM0QlMjJsYXp5JTIyJTNFJTNDJTJGaWZyYW1lJTNF&#8221;][ultimate_spacer height=&#8221;10&#8243;][ultimate_heading alignment=&#8221;left&#8221; main_heading_margin=&#8221;margin-bottom:38px;&#8221; sub_heading_font_size=&#8221;desktop:14px;&#8221; sub_heading_line_height=&#8221;desktop:25px;&#8221;][contact-form-7 id=&#8221;1688&#8243; title=&#8221;Contact form [&hellip;]<\/p>\n","protected":false},"author":9,"featured_media":0,"parent":0,"menu_order":0,"comment_status":"closed","ping_status":"closed","template":"","meta":{"footnotes":""},"class_list":["post-1420","page","type-page","status-publish","hentry"],"_links":{"self":[{"href":"https:\/\/spectrumhouse.com.tr\/en\/wp-json\/wp\/v2\/pages\/1420","targetHints":{"allow":["GET"]}}],"collection":[{"href":"https:\/\/spectrumhouse.com.tr\/en\/wp-json\/wp\/v2\/pages"}],"about":[{"href":"https:\/\/spectrumhouse.com.tr\/en\/wp-json\/wp\/v2\/types\/page"}],"author":[{"embeddable":true,"href":"https:\/\/spectrumhouse.com.tr\/en\/wp-json\/wp\/v2\/users\/9"}],"replies":[{"embeddable":true,"href":"https:\/\/spectrumhouse.com.tr\/en\/wp-json\/wp\/v2\/comments?post=1420"}],"version-history":[{"count":0,"href":"https:\/\/spectrumhouse.com.tr\/en\/wp-json\/wp\/v2\/pages\/1420\/revisions"}],"wp:attachment":[{"href":"https:\/\/spectrumhouse.com.tr\/en\/wp-json\/wp\/v2\/media?parent=1420"}],"curies":[{"name":"wp","href":"https:\/\/api.w.org\/{rel}","templated":true}]}}